{"id":750,"date":"2025-11-25T04:51:22","date_gmt":"2025-11-25T04:51:22","guid":{"rendered":"https:\/\/qestio.se\/process-design\/"},"modified":"2026-03-09T12:40:07","modified_gmt":"2026-03-09T12:40:07","slug":"process-design","status":"publish","type":"page","link":"https:\/\/qestio.se\/en\/process-design\/","title":{"rendered":"Process Design"},"content":{"rendered":"\t\t<div data-elementor-type=\"wp-page\" data-elementor-id=\"750\" class=\"elementor elementor-750 elementor-49\" data-elementor-post-type=\"page\">\n\t\t\t\t<section class=\"elementor-element elementor-element-93b6eba e-con-full e-flex e-con e-parent\" data-id=\"93b6eba\" data-element_type=\"container\" data-settings=\"{&quot;background_background&quot;:&quot;classic&quot;}\">\n\t\t<div class=\"elementor-element elementor-element-9c9a9a0 e-con-full e-flex e-con e-child\" data-id=\"9c9a9a0\" data-element_type=\"container\">\n\t\t\t\t<div class=\"elementor-element elementor-element-c939eb4 elementor-widget elementor-widget-heading\" data-id=\"c939eb4\" data-element_type=\"widget\" data-widget_type=\"heading.default\">\n\t\t\t\t\t<h1 class=\"elementor-heading-title elementor-size-default\">Process Design<\/h1>\t\t\t\t<\/div>\n\t\t\t\t<div class=\"elementor-element elementor-element-3b1628d elementor-widget-mobile__width-initial elementor-widget elementor-widget-text-editor\" data-id=\"3b1628d\" data-element_type=\"widget\" data-widget_type=\"text-editor.default\">\n\t\t\t\t\t\t\t\t\t<p>Do you need to change your manufacturing process? We have extensive experience with industrial processes. <\/p>\t\t\t\t\t\t\t\t<\/div>\n\t\t<div class=\"elementor-element elementor-element-3b4ca59 e-con-full e-flex e-con e-child\" data-id=\"3b4ca59\" data-element_type=\"container\">\n\t\t\t\t<div class=\"elementor-element elementor-element-2e8cea7 elementor-button-info elementor-widget elementor-widget-button\" data-id=\"2e8cea7\" data-element_type=\"widget\" data-widget_type=\"button.default\">\n\t\t\t\t\t\t\t\t\t\t<a class=\"elementor-button elementor-button-link elementor-size-sm\" href=\"https:\/\/qestio.se\/en\/contact\/\">\n\t\t\t\t\t\t<span class=\"elementor-button-content-wrapper\">\n\t\t\t\t\t\t\t\t\t<span class=\"elementor-button-text\">Contact us<\/span>\n\t\t\t\t\t<\/span>\n\t\t\t\t\t<\/a>\n\t\t\t\t\t\t\t\t<\/div>\n\t\t\t\t<div class=\"elementor-element elementor-element-0cd24a3 elementor-button-info elementor-widget elementor-widget-button\" data-id=\"0cd24a3\" data-element_type=\"widget\" data-widget_type=\"button.default\">\n\t\t\t\t\t\t\t\t\t\t<a class=\"elementor-button elementor-button-link elementor-size-sm\" href=\"https:\/\/qestio.se\/en\/our-services\/\">\n\t\t\t\t\t\t<span class=\"elementor-button-content-wrapper\">\n\t\t\t\t\t\t\t\t\t<span class=\"elementor-button-text\">View our services<\/span>\n\t\t\t\t\t<\/span>\n\t\t\t\t\t<\/a>\n\t\t\t\t\t\t\t\t<\/div>\n\t\t\t\t<\/div>\n\t\t\t\t<\/div>\n\t\t\t\t<\/section>\n\t\t<main class=\"elementor-element elementor-element-f4fa30b e-con-full e-flex e-con e-parent\" data-id=\"f4fa30b\" data-element_type=\"container\">\n\t\t<div class=\"elementor-element elementor-element-b036418 e-flex e-con-boxed e-con e-child\" data-id=\"b036418\" data-element_type=\"container\">\n\t\t\t\t\t<div class=\"e-con-inner\">\n\t\t\t\t<div class=\"elementor-element elementor-element-f875221 elementor-widget elementor-widget-heading\" data-id=\"f875221\" data-element_type=\"widget\" data-widget_type=\"heading.default\">\n\t\t\t\t\t<h2 class=\"elementor-heading-title elementor-size-default\">Do you need to change your manufacturing process?<\/h2>\t\t\t\t<\/div>\n\t\t\t\t<div class=\"elementor-element elementor-element-5b52e82 elementor-widget elementor-widget-text-editor\" data-id=\"5b52e82\" data-element_type=\"widget\" data-widget_type=\"text-editor.default\">\n\t\t\t\t\t\t\t\t\t<p><strong>We have extensive experience with industrial processes and can assist you throughout the entire journey, from analyzing what needs to be done to following up on implementation.<\/strong><\/p><p>Qestio can assist with requirements specification, project planning and design, as well as assembly and commissioning. Our services also include creating technical designs of processes, performing dimensioning and process design, and leading procurement of equipment and contractors. <\/p><p>We handle surveys and verification measurements, P&amp;ID flow diagrams, component lists, technical specifications, process descriptions, inquiry documentation, functional descriptions, assembly management, commissioning, FAT and SAT inspections, as well as process descriptions.<\/p><p>Disc optimizations of CIP (Clean In Place) systems as well as design of flow-optimized line configurations for packaging lines are also part of our offering.<\/p>\t\t\t\t\t\t\t\t<\/div>\n\t\t\t\t<div class=\"elementor-element elementor-element-b0e71c2 elementor-widget elementor-widget-text-editor\" data-id=\"b0e71c2\" data-element_type=\"widget\" data-widget_type=\"text-editor.default\">\n\t\t\t\t\t\t\t\t\t<p><strong>Contact us and we will tell you more.<\/strong><\/p>\t\t\t\t\t\t\t\t<\/div>\n\t\t\t\t<div class=\"elementor-element elementor-element-2253779 elementor-button-info elementor-widget elementor-widget-button\" data-id=\"2253779\" data-element_type=\"widget\" data-widget_type=\"button.default\">\n\t\t\t\t\t\t\t\t\t\t<a class=\"elementor-button elementor-button-link elementor-size-sm\" href=\"https:\/\/qestio.se\/en\/contact\/\">\n\t\t\t\t\t\t<span class=\"elementor-button-content-wrapper\">\n\t\t\t\t\t\t\t\t\t<span class=\"elementor-button-text\">Contact us<\/span>\n\t\t\t\t\t<\/span>\n\t\t\t\t\t<\/a>\n\t\t\t\t\t\t\t\t<\/div>\n\t\t\t\t<div class=\"elementor-element elementor-element-f7024ab elementor-widget elementor-widget-text-editor\" data-id=\"f7024ab\" data-element_type=\"widget\" data-widget_type=\"text-editor.default\">\n\t\t\t\t\t\t\t\t\t<p><a href=\"https:\/\/qestio.se\/en\/references\/\"><strong>Read more about previous assignments and projects<\/strong> <\/a>that we have helped our clients with.<\/p>\t\t\t\t\t\t\t\t<\/div>\n\t\t\t\t\t<\/div>\n\t\t\t\t<\/div>\n\t\t\t\t<\/main>\n\t\t\t\t<\/div>\n\t\t","protected":false},"excerpt":{"rendered":"<p>Process Design Do you need to change your manufacturing process? We have extensive experience with industrial processes. Contact us View our services Do you need to change your manufacturing process? We have extensive experience with industrial processes and can assist you throughout the entire journey, from analyzing what needs to be done to following up [&hellip;]<\/p>\n","protected":false},"author":2,"featured_media":0,"parent":0,"menu_order":0,"comment_status":"closed","ping_status":"closed","template":"elementor_header_footer","meta":{"footnotes":""},"class_list":["post-750","page","type-page","status-publish","hentry"],"yoast_head":"<!-- This site is optimized with the Yoast SEO plugin v26.9 - https:\/\/yoast.com\/product\/yoast-seo-wordpress\/ -->\n<title>Process Design - qestio.se<\/title>\n<meta name=\"description\" content=\"Qestio assists you with process design, engineering, installation, and commissioning. Contact any of our offices in Borl\u00e4nge, Sk\u00f6vde, \u00d6rebro, or \u00d6stersund.\" \/>\n<meta name=\"robots\" content=\"index, follow, max-snippet:-1, max-image-preview:large, max-video-preview:-1\" \/>\n<link rel=\"canonical\" href=\"https:\/\/qestio.se\/en\/process-design\/\" \/>\n<meta property=\"og:locale\" content=\"en_US\" \/>\n<meta property=\"og:type\" content=\"article\" \/>\n<meta property=\"og:title\" content=\"Process Design - qestio.se\" \/>\n<meta property=\"og:description\" content=\"Qestio assists you with process design, engineering, installation, and commissioning. Contact any of our offices in Borl\u00e4nge, Sk\u00f6vde, \u00d6rebro, or \u00d6stersund.\" \/>\n<meta property=\"og:url\" content=\"https:\/\/qestio.se\/en\/process-design\/\" \/>\n<meta property=\"og:site_name\" content=\"qestio.se\" \/>\n<meta property=\"article:modified_time\" content=\"2026-03-09T12:40:07+00:00\" \/>\n<meta name=\"twitter:card\" content=\"summary_large_image\" \/>\n<meta name=\"twitter:label1\" content=\"Est. reading time\" \/>\n\t<meta name=\"twitter:data1\" content=\"1 minute\" \/>\n<script type=\"application\/ld+json\" class=\"yoast-schema-graph\">{\"@context\":\"https:\/\/schema.org\",\"@graph\":[{\"@type\":\"WebPage\",\"@id\":\"https:\/\/qestio.se\/en\/process-design\/\",\"url\":\"https:\/\/qestio.se\/en\/process-design\/\",\"name\":\"Process Design - qestio.se\",\"isPartOf\":{\"@id\":\"https:\/\/qestio.se\/#website\"},\"datePublished\":\"2025-11-25T04:51:22+00:00\",\"dateModified\":\"2026-03-09T12:40:07+00:00\",\"description\":\"Qestio assists you with process design, engineering, installation, and commissioning. Contact any of our offices in Borl\u00e4nge, Sk\u00f6vde, \u00d6rebro, or \u00d6stersund.\",\"breadcrumb\":{\"@id\":\"https:\/\/qestio.se\/en\/process-design\/#breadcrumb\"},\"inLanguage\":\"en-US\",\"potentialAction\":[{\"@type\":\"ReadAction\",\"target\":[\"https:\/\/qestio.se\/en\/process-design\/\"]}]},{\"@type\":\"BreadcrumbList\",\"@id\":\"https:\/\/qestio.se\/en\/process-design\/#breadcrumb\",\"itemListElement\":[{\"@type\":\"ListItem\",\"position\":1,\"name\":\"Home\",\"item\":\"https:\/\/qestio.se\/en\/home\/\"},{\"@type\":\"ListItem\",\"position\":2,\"name\":\"Process Design\"}]},{\"@type\":\"WebSite\",\"@id\":\"https:\/\/qestio.se\/#website\",\"url\":\"https:\/\/qestio.se\/\",\"name\":\"qestio.se\",\"description\":\"\",\"publisher\":{\"@id\":\"https:\/\/qestio.se\/#organization\"},\"potentialAction\":[{\"@type\":\"SearchAction\",\"target\":{\"@type\":\"EntryPoint\",\"urlTemplate\":\"https:\/\/qestio.se\/?s={search_term_string}\"},\"query-input\":{\"@type\":\"PropertyValueSpecification\",\"valueRequired\":true,\"valueName\":\"search_term_string\"}}],\"inLanguage\":\"en-US\"},{\"@type\":\"Organization\",\"@id\":\"https:\/\/qestio.se\/#organization\",\"name\":\"qestio.se\",\"url\":\"https:\/\/qestio.se\/\",\"logo\":{\"@type\":\"ImageObject\",\"inLanguage\":\"en-US\",\"@id\":\"https:\/\/qestio.se\/#\/schema\/logo\/image\/\",\"url\":\"https:\/\/qestio.se\/wp-content\/uploads\/2025\/11\/qestio.png\",\"contentUrl\":\"https:\/\/qestio.se\/wp-content\/uploads\/2025\/11\/qestio.png\",\"width\":130,\"height\":45,\"caption\":\"qestio.se\"},\"image\":{\"@id\":\"https:\/\/qestio.se\/#\/schema\/logo\/image\/\"}}]}<\/script>\n<!-- \/ Yoast SEO plugin. -->","yoast_head_json":{"title":"Process Design - qestio.se","description":"Qestio assists you with process design, engineering, installation, and commissioning. Contact any of our offices in Borl\u00e4nge, Sk\u00f6vde, \u00d6rebro, or \u00d6stersund.","robots":{"index":"index","follow":"follow","max-snippet":"max-snippet:-1","max-image-preview":"max-image-preview:large","max-video-preview":"max-video-preview:-1"},"canonical":"https:\/\/qestio.se\/en\/process-design\/","og_locale":"en_US","og_type":"article","og_title":"Process Design - qestio.se","og_description":"Qestio assists you with process design, engineering, installation, and commissioning. Contact any of our offices in Borl\u00e4nge, Sk\u00f6vde, \u00d6rebro, or \u00d6stersund.","og_url":"https:\/\/qestio.se\/en\/process-design\/","og_site_name":"qestio.se","article_modified_time":"2026-03-09T12:40:07+00:00","twitter_card":"summary_large_image","twitter_misc":{"Est. reading time":"1 minute"},"schema":{"@context":"https:\/\/schema.org","@graph":[{"@type":"WebPage","@id":"https:\/\/qestio.se\/en\/process-design\/","url":"https:\/\/qestio.se\/en\/process-design\/","name":"Process Design - qestio.se","isPartOf":{"@id":"https:\/\/qestio.se\/#website"},"datePublished":"2025-11-25T04:51:22+00:00","dateModified":"2026-03-09T12:40:07+00:00","description":"Qestio assists you with process design, engineering, installation, and commissioning. Contact any of our offices in Borl\u00e4nge, Sk\u00f6vde, \u00d6rebro, or \u00d6stersund.","breadcrumb":{"@id":"https:\/\/qestio.se\/en\/process-design\/#breadcrumb"},"inLanguage":"en-US","potentialAction":[{"@type":"ReadAction","target":["https:\/\/qestio.se\/en\/process-design\/"]}]},{"@type":"BreadcrumbList","@id":"https:\/\/qestio.se\/en\/process-design\/#breadcrumb","itemListElement":[{"@type":"ListItem","position":1,"name":"Home","item":"https:\/\/qestio.se\/en\/home\/"},{"@type":"ListItem","position":2,"name":"Process Design"}]},{"@type":"WebSite","@id":"https:\/\/qestio.se\/#website","url":"https:\/\/qestio.se\/","name":"qestio.se","description":"","publisher":{"@id":"https:\/\/qestio.se\/#organization"},"potentialAction":[{"@type":"SearchAction","target":{"@type":"EntryPoint","urlTemplate":"https:\/\/qestio.se\/?s={search_term_string}"},"query-input":{"@type":"PropertyValueSpecification","valueRequired":true,"valueName":"search_term_string"}}],"inLanguage":"en-US"},{"@type":"Organization","@id":"https:\/\/qestio.se\/#organization","name":"qestio.se","url":"https:\/\/qestio.se\/","logo":{"@type":"ImageObject","inLanguage":"en-US","@id":"https:\/\/qestio.se\/#\/schema\/logo\/image\/","url":"https:\/\/qestio.se\/wp-content\/uploads\/2025\/11\/qestio.png","contentUrl":"https:\/\/qestio.se\/wp-content\/uploads\/2025\/11\/qestio.png","width":130,"height":45,"caption":"qestio.se"},"image":{"@id":"https:\/\/qestio.se\/#\/schema\/logo\/image\/"}}]}},"_links":{"self":[{"href":"https:\/\/qestio.se\/en\/wp-json\/wp\/v2\/pages\/750","targetHints":{"allow":["GET"]}}],"collection":[{"href":"https:\/\/qestio.se\/en\/wp-json\/wp\/v2\/pages"}],"about":[{"href":"https:\/\/qestio.se\/en\/wp-json\/wp\/v2\/types\/page"}],"author":[{"embeddable":true,"href":"https:\/\/qestio.se\/en\/wp-json\/wp\/v2\/users\/2"}],"replies":[{"embeddable":true,"href":"https:\/\/qestio.se\/en\/wp-json\/wp\/v2\/comments?post=750"}],"version-history":[{"count":5,"href":"https:\/\/qestio.se\/en\/wp-json\/wp\/v2\/pages\/750\/revisions"}],"predecessor-version":[{"id":2086,"href":"https:\/\/qestio.se\/en\/wp-json\/wp\/v2\/pages\/750\/revisions\/2086"}],"wp:attachment":[{"href":"https:\/\/qestio.se\/en\/wp-json\/wp\/v2\/media?parent=750"}],"curies":[{"name":"wp","href":"https:\/\/api.w.org\/{rel}","templated":true}]}}