{"id":764,"date":"2025-11-25T04:50:58","date_gmt":"2025-11-25T04:50:58","guid":{"rendered":"https:\/\/qestio.se\/project-management\/"},"modified":"2026-03-09T12:45:57","modified_gmt":"2026-03-09T12:45:57","slug":"project-management","status":"publish","type":"page","link":"https:\/\/qestio.se\/en\/project-management\/","title":{"rendered":"Project Management"},"content":{"rendered":"\t\t<div data-elementor-type=\"wp-page\" data-elementor-id=\"764\" class=\"elementor elementor-764 elementor-43\" data-elementor-post-type=\"page\">\n\t\t\t\t<section class=\"elementor-element elementor-element-825a9fb e-con-full e-flex e-con e-parent\" data-id=\"825a9fb\" data-element_type=\"container\" data-settings=\"{&quot;background_background&quot;:&quot;classic&quot;}\">\n\t\t<div class=\"elementor-element elementor-element-88e6d7c e-con-full e-flex e-con e-child\" data-id=\"88e6d7c\" data-element_type=\"container\">\n\t\t\t\t<div class=\"elementor-element elementor-element-035cbab elementor-widget elementor-widget-heading\" data-id=\"035cbab\" data-element_type=\"widget\" data-widget_type=\"heading.default\">\n\t\t\t\t\t<h1 class=\"elementor-heading-title elementor-size-default\">Project Management<\/h1>\t\t\t\t<\/div>\n\t\t\t\t<div class=\"elementor-element elementor-element-560e71b elementor-widget-mobile__width-initial elementor-widget elementor-widget-text-editor\" data-id=\"560e71b\" data-element_type=\"widget\" data-widget_type=\"text-editor.default\">\n\t\t\t\t\t\t\t\t\t<p>Installation projects can be complex and time-sensitive. We always prioritize safety and drive the work process forward with great commitment and professionalism. <\/p>\t\t\t\t\t\t\t\t<\/div>\n\t\t<div class=\"elementor-element elementor-element-2cc6040 e-con-full e-flex e-con e-child\" data-id=\"2cc6040\" data-element_type=\"container\">\n\t\t\t\t<div class=\"elementor-element elementor-element-790e5f1 elementor-button-info elementor-widget elementor-widget-button\" data-id=\"790e5f1\" data-element_type=\"widget\" data-widget_type=\"button.default\">\n\t\t\t\t\t\t\t\t\t\t<a class=\"elementor-button elementor-button-link elementor-size-sm\" href=\"https:\/\/qestio.se\/en\/contact\/\">\n\t\t\t\t\t\t<span class=\"elementor-button-content-wrapper\">\n\t\t\t\t\t\t\t\t\t<span class=\"elementor-button-text\">Contact us<\/span>\n\t\t\t\t\t<\/span>\n\t\t\t\t\t<\/a>\n\t\t\t\t\t\t\t\t<\/div>\n\t\t\t\t<div class=\"elementor-element elementor-element-3aa696d elementor-button-info elementor-widget elementor-widget-button\" data-id=\"3aa696d\" data-element_type=\"widget\" data-widget_type=\"button.default\">\n\t\t\t\t\t\t\t\t\t\t<a class=\"elementor-button elementor-button-link elementor-size-sm\" href=\"https:\/\/qestio.se\/en\/our-services\/\">\n\t\t\t\t\t\t<span class=\"elementor-button-content-wrapper\">\n\t\t\t\t\t\t\t\t\t<span class=\"elementor-button-text\">View our services<\/span>\n\t\t\t\t\t<\/span>\n\t\t\t\t\t<\/a>\n\t\t\t\t\t\t\t\t<\/div>\n\t\t\t\t<\/div>\n\t\t\t\t<\/div>\n\t\t\t\t<\/section>\n\t\t<main class=\"elementor-element elementor-element-2a34945 e-con-full e-flex e-con e-parent\" data-id=\"2a34945\" data-element_type=\"container\">\n\t\t<div class=\"elementor-element elementor-element-137fc04 e-flex e-con-boxed e-con e-child\" data-id=\"137fc04\" data-element_type=\"container\">\n\t\t\t\t\t<div class=\"e-con-inner\">\n\t\t\t\t<div class=\"elementor-element elementor-element-229ead6 elementor-widget elementor-widget-heading\" data-id=\"229ead6\" data-element_type=\"widget\" data-widget_type=\"heading.default\">\n\t\t\t\t\t<h2 class=\"elementor-heading-title elementor-size-default\">With dedication, responsiveness, and experience, we lead your projects.<\/h2>\t\t\t\t<\/div>\n\t\t\t\t<div class=\"elementor-element elementor-element-25d29c2 elementor-widget elementor-widget-text-editor\" data-id=\"25d29c2\" data-element_type=\"widget\" data-widget_type=\"text-editor.default\">\n\t\t\t\t\t\t\t\t\t<p><strong>Installation projects can be complex and time-critical. We always prioritize safety and drive the work process forward with great commitment and professionalism to achieve or exceed your established goals. <\/strong><\/p><p>Is your project complex and challenging? <strong><a href=\"https:\/\/qestio.se\/en\/contact\/\">Contact us<\/a><\/strong><strong>!<\/strong> We have experience with challenging projects that we would be happy to share with you.<\/p><p>Business development always involves change. Achieving lasting change can be difficult. We believe in participation and clarity. Our developed and well-proven work process guarantees you results. Through a clear vision, participation, and well-defined activities, we help you reach your set goals!    <\/p>\t\t\t\t\t\t\t\t<\/div>\n\t\t\t\t<div class=\"elementor-element elementor-element-35a43c6 elementor-widget elementor-widget-text-editor\" data-id=\"35a43c6\" data-element_type=\"widget\" data-widget_type=\"text-editor.default\">\n\t\t\t\t\t\t\t\t\t<p><strong>Contact us and we will tell you more.<\/strong><\/p>\t\t\t\t\t\t\t\t<\/div>\n\t\t\t\t<div class=\"elementor-element elementor-element-2495166 elementor-button-info elementor-widget elementor-widget-button\" data-id=\"2495166\" data-element_type=\"widget\" data-widget_type=\"button.default\">\n\t\t\t\t\t\t\t\t\t\t<a class=\"elementor-button elementor-button-link elementor-size-sm\" href=\"https:\/\/qestio.se\/en\/contact\/\">\n\t\t\t\t\t\t<span class=\"elementor-button-content-wrapper\">\n\t\t\t\t\t\t\t\t\t<span class=\"elementor-button-text\">Contact us<\/span>\n\t\t\t\t\t<\/span>\n\t\t\t\t\t<\/a>\n\t\t\t\t\t\t\t\t<\/div>\n\t\t\t\t<div class=\"elementor-element elementor-element-2641b23 elementor-widget elementor-widget-text-editor\" data-id=\"2641b23\" data-element_type=\"widget\" data-widget_type=\"text-editor.default\">\n\t\t\t\t\t\t\t\t\t<p><a href=\"https:\/\/qestio.se\/en\/references\/\"><strong>Read more about previous assignments and projects<\/strong> <\/a>that we have helped our clients with.<\/p>\t\t\t\t\t\t\t\t<\/div>\n\t\t\t\t\t<\/div>\n\t\t\t\t<\/div>\n\t\t\t\t<\/main>\n\t\t<div class=\"elementor-element elementor-element-5cc377c e-flex e-con-boxed e-con e-parent\" data-id=\"5cc377c\" data-element_type=\"container\">\n\t\t\t\t\t<div class=\"e-con-inner\">\n\t\t\t\t\t<\/div>\n\t\t\t\t<\/div>\n\t\t\t\t<\/div>\n\t\t","protected":false},"excerpt":{"rendered":"<p>Project Management Installation projects can be complex and time-sensitive. We always prioritize safety and drive the work process forward with great commitment and professionalism. Contact us View our services With dedication, responsiveness, and experience, we lead your projects. Installation projects can be complex and time-critical. We always prioritize safety and drive the work process forward [&hellip;]<\/p>\n","protected":false},"author":2,"featured_media":0,"parent":0,"menu_order":0,"comment_status":"closed","ping_status":"closed","template":"elementor_header_footer","meta":{"footnotes":""},"class_list":["post-764","page","type-page","status-publish","hentry"],"yoast_head":"<!-- This site is optimized with the Yoast SEO plugin v26.9 - https:\/\/yoast.com\/product\/yoast-seo-wordpress\/ -->\n<title>Project Management - qestio.se<\/title>\n<meta name=\"description\" content=\"Qestio offers project management from our head office in Borl\u00e4nge and local offices in \u00d6rebro, \u00d6stersund, and Sk\u00f6vde. We help companies throughout Sweden!\" \/>\n<meta name=\"robots\" content=\"index, follow, max-snippet:-1, max-image-preview:large, max-video-preview:-1\" \/>\n<link rel=\"canonical\" href=\"https:\/\/qestio.se\/en\/project-management\/\" \/>\n<meta property=\"og:locale\" content=\"en_US\" \/>\n<meta property=\"og:type\" content=\"article\" \/>\n<meta property=\"og:title\" content=\"Project Management - qestio.se\" \/>\n<meta property=\"og:description\" content=\"Qestio offers project management from our head office in Borl\u00e4nge and local offices in \u00d6rebro, \u00d6stersund, and Sk\u00f6vde. We help companies throughout Sweden!\" \/>\n<meta property=\"og:url\" content=\"https:\/\/qestio.se\/en\/project-management\/\" \/>\n<meta property=\"og:site_name\" content=\"qestio.se\" \/>\n<meta property=\"article:modified_time\" content=\"2026-03-09T12:45:57+00:00\" \/>\n<meta name=\"twitter:card\" content=\"summary_large_image\" \/>\n<meta name=\"twitter:label1\" content=\"Est. reading time\" \/>\n\t<meta name=\"twitter:data1\" content=\"1 minute\" \/>\n<script type=\"application\/ld+json\" class=\"yoast-schema-graph\">{\"@context\":\"https:\/\/schema.org\",\"@graph\":[{\"@type\":\"WebPage\",\"@id\":\"https:\/\/qestio.se\/en\/project-management\/\",\"url\":\"https:\/\/qestio.se\/en\/project-management\/\",\"name\":\"Project Management - qestio.se\",\"isPartOf\":{\"@id\":\"https:\/\/qestio.se\/#website\"},\"datePublished\":\"2025-11-25T04:50:58+00:00\",\"dateModified\":\"2026-03-09T12:45:57+00:00\",\"description\":\"Qestio offers project management from our head office in Borl\u00e4nge and local offices in \u00d6rebro, \u00d6stersund, and Sk\u00f6vde. We help companies throughout Sweden!\",\"breadcrumb\":{\"@id\":\"https:\/\/qestio.se\/en\/project-management\/#breadcrumb\"},\"inLanguage\":\"en-US\",\"potentialAction\":[{\"@type\":\"ReadAction\",\"target\":[\"https:\/\/qestio.se\/en\/project-management\/\"]}]},{\"@type\":\"BreadcrumbList\",\"@id\":\"https:\/\/qestio.se\/en\/project-management\/#breadcrumb\",\"itemListElement\":[{\"@type\":\"ListItem\",\"position\":1,\"name\":\"Home\",\"item\":\"https:\/\/qestio.se\/en\/home\/\"},{\"@type\":\"ListItem\",\"position\":2,\"name\":\"Project Management\"}]},{\"@type\":\"WebSite\",\"@id\":\"https:\/\/qestio.se\/#website\",\"url\":\"https:\/\/qestio.se\/\",\"name\":\"qestio.se\",\"description\":\"\",\"publisher\":{\"@id\":\"https:\/\/qestio.se\/#organization\"},\"potentialAction\":[{\"@type\":\"SearchAction\",\"target\":{\"@type\":\"EntryPoint\",\"urlTemplate\":\"https:\/\/qestio.se\/?s={search_term_string}\"},\"query-input\":{\"@type\":\"PropertyValueSpecification\",\"valueRequired\":true,\"valueName\":\"search_term_string\"}}],\"inLanguage\":\"en-US\"},{\"@type\":\"Organization\",\"@id\":\"https:\/\/qestio.se\/#organization\",\"name\":\"qestio.se\",\"url\":\"https:\/\/qestio.se\/\",\"logo\":{\"@type\":\"ImageObject\",\"inLanguage\":\"en-US\",\"@id\":\"https:\/\/qestio.se\/#\/schema\/logo\/image\/\",\"url\":\"https:\/\/qestio.se\/wp-content\/uploads\/2025\/11\/qestio.png\",\"contentUrl\":\"https:\/\/qestio.se\/wp-content\/uploads\/2025\/11\/qestio.png\",\"width\":130,\"height\":45,\"caption\":\"qestio.se\"},\"image\":{\"@id\":\"https:\/\/qestio.se\/#\/schema\/logo\/image\/\"}}]}<\/script>\n<!-- \/ Yoast SEO plugin. -->","yoast_head_json":{"title":"Project Management - qestio.se","description":"Qestio offers project management from our head office in Borl\u00e4nge and local offices in \u00d6rebro, \u00d6stersund, and Sk\u00f6vde. We help companies throughout Sweden!","robots":{"index":"index","follow":"follow","max-snippet":"max-snippet:-1","max-image-preview":"max-image-preview:large","max-video-preview":"max-video-preview:-1"},"canonical":"https:\/\/qestio.se\/en\/project-management\/","og_locale":"en_US","og_type":"article","og_title":"Project Management - qestio.se","og_description":"Qestio offers project management from our head office in Borl\u00e4nge and local offices in \u00d6rebro, \u00d6stersund, and Sk\u00f6vde. We help companies throughout Sweden!","og_url":"https:\/\/qestio.se\/en\/project-management\/","og_site_name":"qestio.se","article_modified_time":"2026-03-09T12:45:57+00:00","twitter_card":"summary_large_image","twitter_misc":{"Est. reading time":"1 minute"},"schema":{"@context":"https:\/\/schema.org","@graph":[{"@type":"WebPage","@id":"https:\/\/qestio.se\/en\/project-management\/","url":"https:\/\/qestio.se\/en\/project-management\/","name":"Project Management - qestio.se","isPartOf":{"@id":"https:\/\/qestio.se\/#website"},"datePublished":"2025-11-25T04:50:58+00:00","dateModified":"2026-03-09T12:45:57+00:00","description":"Qestio offers project management from our head office in Borl\u00e4nge and local offices in \u00d6rebro, \u00d6stersund, and Sk\u00f6vde. We help companies throughout Sweden!","breadcrumb":{"@id":"https:\/\/qestio.se\/en\/project-management\/#breadcrumb"},"inLanguage":"en-US","potentialAction":[{"@type":"ReadAction","target":["https:\/\/qestio.se\/en\/project-management\/"]}]},{"@type":"BreadcrumbList","@id":"https:\/\/qestio.se\/en\/project-management\/#breadcrumb","itemListElement":[{"@type":"ListItem","position":1,"name":"Home","item":"https:\/\/qestio.se\/en\/home\/"},{"@type":"ListItem","position":2,"name":"Project Management"}]},{"@type":"WebSite","@id":"https:\/\/qestio.se\/#website","url":"https:\/\/qestio.se\/","name":"qestio.se","description":"","publisher":{"@id":"https:\/\/qestio.se\/#organization"},"potentialAction":[{"@type":"SearchAction","target":{"@type":"EntryPoint","urlTemplate":"https:\/\/qestio.se\/?s={search_term_string}"},"query-input":{"@type":"PropertyValueSpecification","valueRequired":true,"valueName":"search_term_string"}}],"inLanguage":"en-US"},{"@type":"Organization","@id":"https:\/\/qestio.se\/#organization","name":"qestio.se","url":"https:\/\/qestio.se\/","logo":{"@type":"ImageObject","inLanguage":"en-US","@id":"https:\/\/qestio.se\/#\/schema\/logo\/image\/","url":"https:\/\/qestio.se\/wp-content\/uploads\/2025\/11\/qestio.png","contentUrl":"https:\/\/qestio.se\/wp-content\/uploads\/2025\/11\/qestio.png","width":130,"height":45,"caption":"qestio.se"},"image":{"@id":"https:\/\/qestio.se\/#\/schema\/logo\/image\/"}}]}},"_links":{"self":[{"href":"https:\/\/qestio.se\/en\/wp-json\/wp\/v2\/pages\/764","targetHints":{"allow":["GET"]}}],"collection":[{"href":"https:\/\/qestio.se\/en\/wp-json\/wp\/v2\/pages"}],"about":[{"href":"https:\/\/qestio.se\/en\/wp-json\/wp\/v2\/types\/page"}],"author":[{"embeddable":true,"href":"https:\/\/qestio.se\/en\/wp-json\/wp\/v2\/users\/2"}],"replies":[{"embeddable":true,"href":"https:\/\/qestio.se\/en\/wp-json\/wp\/v2\/comments?post=764"}],"version-history":[{"count":6,"href":"https:\/\/qestio.se\/en\/wp-json\/wp\/v2\/pages\/764\/revisions"}],"predecessor-version":[{"id":2110,"href":"https:\/\/qestio.se\/en\/wp-json\/wp\/v2\/pages\/764\/revisions\/2110"}],"wp:attachment":[{"href":"https:\/\/qestio.se\/en\/wp-json\/wp\/v2\/media?parent=764"}],"curies":[{"name":"wp","href":"https:\/\/api.w.org\/{rel}","templated":true}]}}