{"id":772,"date":"2025-11-25T04:51:06","date_gmt":"2025-11-25T04:51:06","guid":{"rendered":"https:\/\/qestio.se\/machine-safety\/"},"modified":"2026-04-02T12:09:56","modified_gmt":"2026-04-02T12:09:56","slug":"machine-safety","status":"publish","type":"page","link":"https:\/\/qestio.se\/en\/machine-safety\/","title":{"rendered":"Machine Safety"},"content":{"rendered":"\t\t<div data-elementor-type=\"wp-page\" data-elementor-id=\"772\" class=\"elementor elementor-772 elementor-45\" data-elementor-post-type=\"page\">\n\t\t\t\t<section class=\"elementor-element elementor-element-9cbe2b8 e-con-full e-flex e-con e-parent\" data-id=\"9cbe2b8\" data-element_type=\"container\" data-settings=\"{&quot;background_background&quot;:&quot;classic&quot;}\">\n\t\t<div class=\"elementor-element elementor-element-786e67f e-con-full e-flex e-con e-child\" data-id=\"786e67f\" data-element_type=\"container\">\n\t\t\t\t<div class=\"elementor-element elementor-element-fc2c67e elementor-widget elementor-widget-heading\" data-id=\"fc2c67e\" data-element_type=\"widget\" data-widget_type=\"heading.default\">\n\t\t\t\t\t<h1 class=\"elementor-heading-title elementor-size-default\">Machine Safety<\/h1>\t\t\t\t<\/div>\n\t\t\t\t<div class=\"elementor-element elementor-element-57b85da elementor-widget-mobile__width-initial elementor-widget elementor-widget-text-editor\" data-id=\"57b85da\" data-element_type=\"widget\" data-widget_type=\"text-editor.default\">\n\t\t\t\t\t\t\t\t\t<p>What is the machine supplier&#8217;s responsibility? When are you, as a plant owner, considered a machine manufacturer? We help you achieve a safe facility.<\/p>\t\t\t\t\t\t\t\t<\/div>\n\t\t<div class=\"elementor-element elementor-element-b9a5f90 e-con-full e-flex e-con e-child\" data-id=\"b9a5f90\" data-element_type=\"container\">\n\t\t\t\t<div class=\"elementor-element elementor-element-2f4adc8 elementor-button-info elementor-widget elementor-widget-button\" data-id=\"2f4adc8\" data-element_type=\"widget\" data-widget_type=\"button.default\">\n\t\t\t\t\t\t\t\t\t\t<a class=\"elementor-button elementor-button-link elementor-size-sm\" href=\"https:\/\/qestio.se\/en\/contact\/\">\n\t\t\t\t\t\t<span class=\"elementor-button-content-wrapper\">\n\t\t\t\t\t\t\t\t\t<span class=\"elementor-button-text\">Contact us<\/span>\n\t\t\t\t\t<\/span>\n\t\t\t\t\t<\/a>\n\t\t\t\t\t\t\t\t<\/div>\n\t\t\t\t<div class=\"elementor-element elementor-element-85340c2 elementor-button-info elementor-widget elementor-widget-button\" data-id=\"85340c2\" data-element_type=\"widget\" data-widget_type=\"button.default\">\n\t\t\t\t\t\t\t\t\t\t<a class=\"elementor-button elementor-button-link elementor-size-sm\" href=\"https:\/\/qestio.se\/en\/our-services\/\">\n\t\t\t\t\t\t<span class=\"elementor-button-content-wrapper\">\n\t\t\t\t\t\t\t\t\t<span class=\"elementor-button-text\">View our services<\/span>\n\t\t\t\t\t<\/span>\n\t\t\t\t\t<\/a>\n\t\t\t\t\t\t\t\t<\/div>\n\t\t\t\t<\/div>\n\t\t\t\t<\/div>\n\t\t\t\t<\/section>\n\t\t<main class=\"elementor-element elementor-element-9bebe69 e-con-full e-flex e-con e-parent\" data-id=\"9bebe69\" data-element_type=\"container\">\n\t\t<div class=\"elementor-element elementor-element-4666ec4 e-flex e-con-boxed e-con e-child\" data-id=\"4666ec4\" data-element_type=\"container\">\n\t\t\t\t\t<div class=\"e-con-inner\">\n\t\t\t\t<div class=\"elementor-element elementor-element-fee4a8a elementor-widget elementor-widget-heading\" data-id=\"fee4a8a\" data-element_type=\"widget\" data-widget_type=\"heading.default\">\n\t\t\t\t\t<h2 class=\"elementor-heading-title elementor-size-default\">Get control of your machine safety<\/h2>\t\t\t\t<\/div>\n\t\t\t\t<div class=\"elementor-element elementor-element-c5c758f elementor-widget elementor-widget-text-editor\" data-id=\"c5c758f\" data-element_type=\"widget\" data-widget_type=\"text-editor.default\">\n\t\t\t\t\t\t\t\t\t<p><strong>We help you achieve a safe facility. Gain a clear and practical understanding of CE marking for machinery, including the requirements applicable to both purchasers and plant owners, and what the new Machinery Safety Regulation entails. A well-executed risk identification process ensures a safe workplace. <\/strong><\/p><p>What is the machine supplier&#8217;s responsibility? When are you, as a plant owner, considered a machine manufacturer? How should the old machines located adjacent to the new machine be handled? What are the Swedish Work Environment Authority&#8217;s stricter requirements for technical documentation, and what is a technical file?<\/p><p>When changes are made to process and machinery installations, many questions may arise about how to achieve a safe facility while also complying with applicable regulations. At Qestio, we have extensive experience in the field and can support you in procurement processes and in mapping the current state of your facility. If there are cases where there is uncertainty regarding completed deliveries, we can assist in clarifying the situation.  <\/p><p>We also provide training in practical work with safe control circuits\u2014for those who work with machinery and want to stay one step ahead, reduce risks, and ensure compliance.<\/p><h3>Do you need help with CE marking?<\/h3><p>In collaboration with <strong><a href=\"https:\/\/noex.se\/\">Noex<\/a><\/strong>, we provide a modern platform for CE marking and assist you with <strong><a href=\"https:\/\/www.sis.se\/standarder\/ce-markning\/\">CE marking<\/a><\/strong>, strategies, risk assessment, and documentation in accordance with the Machinery Directive and the Machinery Regulation. <\/p>\t\t\t\t\t\t\t\t<\/div>\n\t\t\t\t\t<a href=\"https:\/\/noex.se\/\" target=\"_self\" class=\"e-svg-base e-db5b61d-7dd7d2c\" ><svg xmlns=\"http:\/\/www.w3.org\/2000\/svg\" data-interaction-id=\"db5b61d\" style=\"width: 100%; height: 100%; overflow: unset;\" width=\"864\" height=\"313\" viewBox=\"0 0 864 313\" fill=\"currentColor\"><path d=\"M329.8 220V80H356.8L421.2 176.6V80H448.2V220H421.2L356.8 123.6V220H329.8ZM522.698 222.4C513.098 222.4 504.432 220.2 496.698 215.8C489.098 211.267 483.032 205.067 478.498 197.2C474.098 189.2 471.898 180.067 471.898 169.8C471.898 159.267 474.098 150.067 478.498 142.2C483.032 134.2 489.165 128 496.898 123.6C504.632 119.067 513.298 116.8 522.898 116.8C532.632 116.8 541.298 119.067 548.898 123.6C556.632 128 562.698 134.2 567.098 142.2C571.632 150.067 573.898 159.2 573.898 169.6C573.898 180 571.632 189.2 567.098 197.2C562.698 205.067 556.632 211.267 548.898 215.8C541.165 220.2 532.432 222.4 522.698 222.4ZM522.698 199C527.232 199 531.232 197.933 534.698 195.8C538.298 193.667 541.098 190.4 543.098 186C545.232 181.6 546.298 176.133 546.298 169.6C546.298 163.067 545.232 157.667 543.098 153.4C541.098 149 538.298 145.733 534.698 143.6C531.232 141.333 527.298 140.2 522.898 140.2C518.632 140.2 514.698 141.333 511.098 143.6C507.498 145.733 504.632 149 502.498 153.4C500.498 157.667 499.498 163.067 499.498 169.6C499.498 176.133 500.498 181.6 502.498 186C504.632 190.4 507.432 193.667 510.898 195.8C514.498 197.933 518.432 199 522.698 199ZM645.569 222.4C635.435 222.4 626.435 220.267 618.569 216C610.835 211.6 604.769 205.533 600.369 197.8C596.102 189.933 593.969 180.867 593.969 170.6C593.969 160.067 596.102 150.8 600.369 142.8C604.769 134.667 610.835 128.333 618.569 123.8C626.302 119.133 635.302 116.8 645.569 116.8C655.569 116.8 664.302 119 671.769 123.4C679.235 127.8 685.035 133.733 689.169 141.2C693.302 148.667 695.369 157.133 695.369 166.6C695.369 167.933 695.369 169.467 695.369 171.2C695.369 172.8 695.235 174.467 694.969 176.2H613.169V159.8H668.169C667.769 153.267 665.435 148.133 661.169 144.4C657.035 140.667 651.835 138.8 645.569 138.8C641.035 138.8 636.835 139.867 632.969 142C629.102 144 626.035 147.133 623.769 151.4C621.635 155.667 620.569 161.067 620.569 167.6V173.4C620.569 178.867 621.569 183.667 623.569 187.8C625.702 191.8 628.635 194.933 632.369 197.2C636.102 199.333 640.435 200.4 645.369 200.4C650.302 200.4 654.369 199.333 657.569 197.2C660.902 195.067 663.369 192.333 664.969 189H692.569C690.702 195.267 687.569 200.933 683.169 206C678.769 211.067 673.369 215.067 666.969 218C660.569 220.933 653.435 222.4 645.569 222.4ZM700.855 220L737.055 169.6L700.855 119.2H730.055L754.255 153.8L778.455 119.2H807.455L771.255 169.6L807.455 220H778.455L754.255 185.2L730.055 220H700.855Z\" fill=\"black\"><\/path><path d=\"M265.038 129.019C260.637 124.756 256.219 120.464 251.786 116.143C251.661 110.155 251.505 104.17 251.318 98.1867C251.069 90.1732 247.611 82.5283 241.664 76.5855C235.717 70.6427 228.06 67.2096 220.051 66.957C214.054 66.7692 208.057 66.6146 202.061 66.4931C197.743 62.0923 193.449 57.697 189.181 53.3072C183.454 47.4141 176.003 44.1259 168.077 44.13C160.15 44.1342 152.704 47.4431 146.989 53.3072C142.718 57.7053 138.418 62.1089 134.089 66.518C128.093 66.6422 122.097 66.7982 116.103 66.986C99.592 67.545 85.3789 81.7249 84.8157 98.2115C84.628 104.194 84.4734 110.18 84.3519 116.168C79.9372 120.486 75.5212 124.775 71.1038 129.035C65.2438 134.742 61.9432 142.184 61.9432 150.094C61.9432 158.004 65.2231 165.417 71.1038 171.14C75.5074 175.397 79.9248 179.677 84.356 183.978C84.4748 189.969 84.6294 195.959 84.8199 201.947C85.0725 209.977 88.5471 217.602 94.4691 223.549C100.391 229.496 108.073 232.925 116.108 233.177C122.104 233.365 128.102 233.521 134.102 233.645C138.42 238.038 142.713 242.429 146.981 246.819C152.709 252.712 160.163 256 168.102 256C176.041 256 183.479 252.712 189.223 246.827C193.485 242.432 197.78 238.031 202.106 233.624C208.103 233.5 214.098 233.344 220.092 233.156C236.603 232.593 250.816 218.401 251.38 201.931C251.565 195.945 251.721 189.961 251.848 183.978C256.265 179.66 260.674 175.368 265.075 171.103C270.918 165.417 274.223 157.963 274.219 150.094C274.215 142.225 270.918 134.73 265.038 129.019Z\" fill=\"#2F73FF\"><\/path><path d=\"M202.061 66.4931C197.743 62.0923 193.449 57.697 189.181 53.3072C183.454 47.4141 176.003 44.1259 168.077 44.13C160.15 44.1342 152.704 47.4431 146.989 53.3072C142.718 57.7053 138.418 62.1089 134.089 66.518C128.093 66.6422 122.097 66.7982 116.103 66.986C99.592 67.545 85.3789 81.7249 84.8157 98.2115C84.628 104.194 84.4734 110.18 84.3519 116.168C79.9372 120.486 75.5212 124.775 71.1038 129.035C65.2438 134.742 61.9432 142.184 61.9432 150.094C61.9432 158.004 65.2231 165.417 71.1038 171.14C75.5074 175.397 79.9248 179.677 84.356 183.978C84.4609 189.155 84.5921 194.33 84.7495 199.504C92.0349 200.916 99.439 201.626 106.86 201.624C170.591 201.641 222.262 149.974 222.262 86.239C222.263 79.7893 221.727 73.3507 220.659 66.9901L220.055 66.957C214.055 66.772 208.057 66.6174 202.061 66.4931Z\" fill=\"#269CFF\"><\/path><path d=\"M220.858 136.643C202.976 155.225 184.808 174.221 166.942 193.064C165.49 194.602 163.739 195.827 161.798 196.666C159.856 197.505 157.764 197.939 155.649 197.943H155.587C153.474 197.928 151.385 197.491 149.443 196.656C147.501 195.822 145.746 194.608 144.281 193.085C134.728 183.226 125.145 173.399 115.532 163.603C114.078 162.141 112.931 160.404 112.159 158.492C111.386 156.581 111.003 154.535 111.032 152.473C111.062 150.412 111.503 148.377 112.329 146.489C113.156 144.6 114.352 142.896 115.847 141.476C118.858 138.565 122.897 136.961 127.085 137.013C131.273 137.065 135.272 138.768 138.21 141.753C143.922 147.609 149.641 153.482 155.367 159.371C169.551 144.507 183.806 129.553 197.837 114.835C203.792 108.565 213.727 108.465 220.113 114.512C226.499 120.558 226.859 130.41 220.858 136.643Z\" fill=\"white\"><\/path><\/svg><\/a>\t\t\t\t<div class=\"elementor-element elementor-element-5272dad elementor-widget elementor-widget-text-editor\" data-id=\"5272dad\" data-element_type=\"widget\" data-widget_type=\"text-editor.default\">\n\t\t\t\t\t\t\t\t\t<p><strong>Contact us and we will tell you more.<\/strong><\/p>\t\t\t\t\t\t\t\t<\/div>\n\t\t\t\t<div class=\"elementor-element elementor-element-a54c9c6 elementor-button-info elementor-widget elementor-widget-button\" data-id=\"a54c9c6\" data-element_type=\"widget\" data-widget_type=\"button.default\">\n\t\t\t\t\t\t\t\t\t\t<a class=\"elementor-button elementor-button-link elementor-size-sm\" href=\"https:\/\/qestio.se\/en\/contact\/\">\n\t\t\t\t\t\t<span class=\"elementor-button-content-wrapper\">\n\t\t\t\t\t\t\t\t\t<span class=\"elementor-button-text\">Contact us<\/span>\n\t\t\t\t\t<\/span>\n\t\t\t\t\t<\/a>\n\t\t\t\t\t\t\t\t<\/div>\n\t\t\t\t<div class=\"elementor-element elementor-element-5f7e363 elementor-widget elementor-widget-text-editor\" data-id=\"5f7e363\" data-element_type=\"widget\" data-widget_type=\"text-editor.default\">\n\t\t\t\t\t\t\t\t\t<p><a href=\"https:\/\/qestio.se\/en\/references\/\"><strong>Read more about previous assignments and projects<\/strong> <\/a>that we have helped our clients with.<\/p>\t\t\t\t\t\t\t\t<\/div>\n\t\t\t\t\t<\/div>\n\t\t\t\t<\/div>\n\t\t\t\t<\/main>\n\t\t\t\t<\/div>\n\t\t","protected":false},"excerpt":{"rendered":"<p>Machine Safety What is the machine supplier&#8217;s responsibility? When are you, as a plant owner, considered a machine manufacturer? We help you achieve a safe facility. Contact us View our services Get control of your machine safety We help you achieve a safe facility. Gain a clear and practical understanding of CE marking for machinery, [&hellip;]<\/p>\n","protected":false},"author":2,"featured_media":0,"parent":0,"menu_order":0,"comment_status":"closed","ping_status":"closed","template":"elementor_header_footer","meta":{"footnotes":""},"class_list":["post-772","page","type-page","status-publish","hentry"],"yoast_head":"<!-- This site is optimized with the Yoast SEO plugin v26.9 - https:\/\/yoast.com\/product\/yoast-seo-wordpress\/ -->\n<title>Machine Safety - qestio.se<\/title>\n<meta name=\"description\" content=\"Qestio supports companies with machinery safety, CE marking, and procurement support. With offices in Borl\u00e4nge, Sk\u00f6vde, \u00d6rebro, and \u00d6stersund, we are close to you\u2014and we ensure that you quickly receive the right support. Contact us, and we will explain how we can help your business move forward.\" \/>\n<meta name=\"robots\" content=\"index, follow, max-snippet:-1, max-image-preview:large, max-video-preview:-1\" \/>\n<link rel=\"canonical\" href=\"https:\/\/qestio.se\/maskinsakerhet-i-borlange-skovde-orebro-ostersund\/\" \/>\n<meta property=\"og:locale\" content=\"en_US\" \/>\n<meta property=\"og:type\" content=\"article\" \/>\n<meta property=\"og:title\" content=\"Machine Safety - qestio.se\" \/>\n<meta property=\"og:description\" content=\"Qestio supports companies with machinery safety, CE marking, and procurement support. With offices in Borl\u00e4nge, Sk\u00f6vde, \u00d6rebro, and \u00d6stersund, we are close to you\u2014and we ensure that you quickly receive the right support. Contact us, and we will explain how we can help your business move forward.\" \/>\n<meta property=\"og:url\" content=\"https:\/\/qestio.se\/maskinsakerhet-i-borlange-skovde-orebro-ostersund\/\" \/>\n<meta property=\"og:site_name\" content=\"qestio.se\" \/>\n<meta property=\"article:modified_time\" content=\"2026-04-02T12:09:56+00:00\" \/>\n<meta name=\"twitter:card\" content=\"summary_large_image\" \/>\n<meta name=\"twitter:label1\" content=\"Est. reading time\" \/>\n\t<meta name=\"twitter:data1\" content=\"1 minute\" \/>\n<script type=\"application\/ld+json\" class=\"yoast-schema-graph\">{\"@context\":\"https:\/\/schema.org\",\"@graph\":[{\"@type\":\"WebPage\",\"@id\":\"https:\/\/qestio.se\/maskinsakerhet-i-borlange-skovde-orebro-ostersund\/\",\"url\":\"https:\/\/qestio.se\/maskinsakerhet-i-borlange-skovde-orebro-ostersund\/\",\"name\":\"Machine Safety - qestio.se\",\"isPartOf\":{\"@id\":\"https:\/\/qestio.se\/#website\"},\"datePublished\":\"2025-11-25T04:51:06+00:00\",\"dateModified\":\"2026-04-02T12:09:56+00:00\",\"description\":\"Qestio supports companies with machinery safety, CE marking, and procurement support. With offices in Borl\u00e4nge, Sk\u00f6vde, \u00d6rebro, and \u00d6stersund, we are close to you\u2014and we ensure that you quickly receive the right support. Contact us, and we will explain how we can help your business move forward.\",\"breadcrumb\":{\"@id\":\"https:\/\/qestio.se\/maskinsakerhet-i-borlange-skovde-orebro-ostersund\/#breadcrumb\"},\"inLanguage\":\"en-US\",\"potentialAction\":[{\"@type\":\"ReadAction\",\"target\":[\"https:\/\/qestio.se\/maskinsakerhet-i-borlange-skovde-orebro-ostersund\/\"]}]},{\"@type\":\"BreadcrumbList\",\"@id\":\"https:\/\/qestio.se\/maskinsakerhet-i-borlange-skovde-orebro-ostersund\/#breadcrumb\",\"itemListElement\":[{\"@type\":\"ListItem\",\"position\":1,\"name\":\"Home\",\"item\":\"https:\/\/qestio.se\/en\/home\/\"},{\"@type\":\"ListItem\",\"position\":2,\"name\":\"Machine Safety\"}]},{\"@type\":\"WebSite\",\"@id\":\"https:\/\/qestio.se\/#website\",\"url\":\"https:\/\/qestio.se\/\",\"name\":\"qestio.se\",\"description\":\"\",\"publisher\":{\"@id\":\"https:\/\/qestio.se\/#organization\"},\"potentialAction\":[{\"@type\":\"SearchAction\",\"target\":{\"@type\":\"EntryPoint\",\"urlTemplate\":\"https:\/\/qestio.se\/?s={search_term_string}\"},\"query-input\":{\"@type\":\"PropertyValueSpecification\",\"valueRequired\":true,\"valueName\":\"search_term_string\"}}],\"inLanguage\":\"en-US\"},{\"@type\":\"Organization\",\"@id\":\"https:\/\/qestio.se\/#organization\",\"name\":\"qestio.se\",\"url\":\"https:\/\/qestio.se\/\",\"logo\":{\"@type\":\"ImageObject\",\"inLanguage\":\"en-US\",\"@id\":\"https:\/\/qestio.se\/#\/schema\/logo\/image\/\",\"url\":\"https:\/\/qestio.se\/wp-content\/uploads\/2025\/11\/qestio.png\",\"contentUrl\":\"https:\/\/qestio.se\/wp-content\/uploads\/2025\/11\/qestio.png\",\"width\":130,\"height\":45,\"caption\":\"qestio.se\"},\"image\":{\"@id\":\"https:\/\/qestio.se\/#\/schema\/logo\/image\/\"}}]}<\/script>\n<!-- \/ Yoast SEO plugin. -->","yoast_head_json":{"title":"Machine Safety - qestio.se","description":"Qestio supports companies with machinery safety, CE marking, and procurement support. With offices in Borl\u00e4nge, Sk\u00f6vde, \u00d6rebro, and \u00d6stersund, we are close to you\u2014and we ensure that you quickly receive the right support. Contact us, and we will explain how we can help your business move forward.","robots":{"index":"index","follow":"follow","max-snippet":"max-snippet:-1","max-image-preview":"max-image-preview:large","max-video-preview":"max-video-preview:-1"},"canonical":"https:\/\/qestio.se\/maskinsakerhet-i-borlange-skovde-orebro-ostersund\/","og_locale":"en_US","og_type":"article","og_title":"Machine Safety - qestio.se","og_description":"Qestio supports companies with machinery safety, CE marking, and procurement support. With offices in Borl\u00e4nge, Sk\u00f6vde, \u00d6rebro, and \u00d6stersund, we are close to you\u2014and we ensure that you quickly receive the right support. Contact us, and we will explain how we can help your business move forward.","og_url":"https:\/\/qestio.se\/maskinsakerhet-i-borlange-skovde-orebro-ostersund\/","og_site_name":"qestio.se","article_modified_time":"2026-04-02T12:09:56+00:00","twitter_card":"summary_large_image","twitter_misc":{"Est. reading time":"1 minute"},"schema":{"@context":"https:\/\/schema.org","@graph":[{"@type":"WebPage","@id":"https:\/\/qestio.se\/maskinsakerhet-i-borlange-skovde-orebro-ostersund\/","url":"https:\/\/qestio.se\/maskinsakerhet-i-borlange-skovde-orebro-ostersund\/","name":"Machine Safety - qestio.se","isPartOf":{"@id":"https:\/\/qestio.se\/#website"},"datePublished":"2025-11-25T04:51:06+00:00","dateModified":"2026-04-02T12:09:56+00:00","description":"Qestio supports companies with machinery safety, CE marking, and procurement support. With offices in Borl\u00e4nge, Sk\u00f6vde, \u00d6rebro, and \u00d6stersund, we are close to you\u2014and we ensure that you quickly receive the right support. Contact us, and we will explain how we can help your business move forward.","breadcrumb":{"@id":"https:\/\/qestio.se\/maskinsakerhet-i-borlange-skovde-orebro-ostersund\/#breadcrumb"},"inLanguage":"en-US","potentialAction":[{"@type":"ReadAction","target":["https:\/\/qestio.se\/maskinsakerhet-i-borlange-skovde-orebro-ostersund\/"]}]},{"@type":"BreadcrumbList","@id":"https:\/\/qestio.se\/maskinsakerhet-i-borlange-skovde-orebro-ostersund\/#breadcrumb","itemListElement":[{"@type":"ListItem","position":1,"name":"Home","item":"https:\/\/qestio.se\/en\/home\/"},{"@type":"ListItem","position":2,"name":"Machine Safety"}]},{"@type":"WebSite","@id":"https:\/\/qestio.se\/#website","url":"https:\/\/qestio.se\/","name":"qestio.se","description":"","publisher":{"@id":"https:\/\/qestio.se\/#organization"},"potentialAction":[{"@type":"SearchAction","target":{"@type":"EntryPoint","urlTemplate":"https:\/\/qestio.se\/?s={search_term_string}"},"query-input":{"@type":"PropertyValueSpecification","valueRequired":true,"valueName":"search_term_string"}}],"inLanguage":"en-US"},{"@type":"Organization","@id":"https:\/\/qestio.se\/#organization","name":"qestio.se","url":"https:\/\/qestio.se\/","logo":{"@type":"ImageObject","inLanguage":"en-US","@id":"https:\/\/qestio.se\/#\/schema\/logo\/image\/","url":"https:\/\/qestio.se\/wp-content\/uploads\/2025\/11\/qestio.png","contentUrl":"https:\/\/qestio.se\/wp-content\/uploads\/2025\/11\/qestio.png","width":130,"height":45,"caption":"qestio.se"},"image":{"@id":"https:\/\/qestio.se\/#\/schema\/logo\/image\/"}}]}},"_links":{"self":[{"href":"https:\/\/qestio.se\/en\/wp-json\/wp\/v2\/pages\/772","targetHints":{"allow":["GET"]}}],"collection":[{"href":"https:\/\/qestio.se\/en\/wp-json\/wp\/v2\/pages"}],"about":[{"href":"https:\/\/qestio.se\/en\/wp-json\/wp\/v2\/types\/page"}],"author":[{"embeddable":true,"href":"https:\/\/qestio.se\/en\/wp-json\/wp\/v2\/users\/2"}],"replies":[{"embeddable":true,"href":"https:\/\/qestio.se\/en\/wp-json\/wp\/v2\/comments?post=772"}],"version-history":[{"count":12,"href":"https:\/\/qestio.se\/en\/wp-json\/wp\/v2\/pages\/772\/revisions"}],"predecessor-version":[{"id":2157,"href":"https:\/\/qestio.se\/en\/wp-json\/wp\/v2\/pages\/772\/revisions\/2157"}],"wp:attachment":[{"href":"https:\/\/qestio.se\/en\/wp-json\/wp\/v2\/media?parent=772"}],"curies":[{"name":"wp","href":"https:\/\/api.w.org\/{rel}","templated":true}]}}