{"id":779,"date":"2025-11-25T04:50:34","date_gmt":"2025-11-25T04:50:34","guid":{"rendered":"https:\/\/qestio.se\/maintenance-development\/"},"modified":"2026-03-09T12:42:16","modified_gmt":"2026-03-09T12:42:16","slug":"maintenance-development","status":"publish","type":"page","link":"https:\/\/qestio.se\/en\/maintenance-development\/","title":{"rendered":"Maintenance Development"},"content":{"rendered":"\t\t<div data-elementor-type=\"wp-page\" data-elementor-id=\"779\" class=\"elementor elementor-779 elementor-37\" data-elementor-post-type=\"page\">\n\t\t\t\t<section class=\"elementor-element elementor-element-e42c560 e-con-full e-flex e-con e-parent\" data-id=\"e42c560\" data-element_type=\"container\" data-settings=\"{&quot;background_background&quot;:&quot;classic&quot;}\">\n\t\t<div class=\"elementor-element elementor-element-e4901de e-con-full e-flex e-con e-child\" data-id=\"e4901de\" data-element_type=\"container\">\n\t\t\t\t<div class=\"elementor-element elementor-element-56bc19a elementor-widget elementor-widget-heading\" data-id=\"56bc19a\" data-element_type=\"widget\" data-widget_type=\"heading.default\">\n\t\t\t\t\t<h1 class=\"elementor-heading-title elementor-size-default\">Maintenance Development<\/h1>\t\t\t\t<\/div>\n\t\t\t\t<div class=\"elementor-element elementor-element-e553a2a elementor-widget-mobile__width-initial elementor-widget elementor-widget-text-editor\" data-id=\"e553a2a\" data-element_type=\"widget\" data-widget_type=\"text-editor.default\">\n\t\t\t\t\t\t\t\t\t<p>Efficient maintenance creates conditions for effective production, high delivery reliability, and consistent quality.<\/p>\t\t\t\t\t\t\t\t<\/div>\n\t\t<div class=\"elementor-element elementor-element-a0bed9b e-con-full e-flex e-con e-child\" data-id=\"a0bed9b\" data-element_type=\"container\">\n\t\t\t\t<div class=\"elementor-element elementor-element-ba3e7af elementor-button-info elementor-widget elementor-widget-button\" data-id=\"ba3e7af\" data-element_type=\"widget\" data-widget_type=\"button.default\">\n\t\t\t\t\t\t\t\t\t\t<a class=\"elementor-button elementor-button-link elementor-size-sm\" href=\"https:\/\/qestio.se\/en\/contact\/\">\n\t\t\t\t\t\t<span class=\"elementor-button-content-wrapper\">\n\t\t\t\t\t\t\t\t\t<span class=\"elementor-button-text\">Contact us<\/span>\n\t\t\t\t\t<\/span>\n\t\t\t\t\t<\/a>\n\t\t\t\t\t\t\t\t<\/div>\n\t\t\t\t<div class=\"elementor-element elementor-element-b4fc495 elementor-button-info elementor-widget elementor-widget-button\" data-id=\"b4fc495\" data-element_type=\"widget\" data-widget_type=\"button.default\">\n\t\t\t\t\t\t\t\t\t\t<a class=\"elementor-button elementor-button-link elementor-size-sm\" href=\"https:\/\/qestio.se\/en\/our-services\/\">\n\t\t\t\t\t\t<span class=\"elementor-button-content-wrapper\">\n\t\t\t\t\t\t\t\t\t<span class=\"elementor-button-text\">View our services<\/span>\n\t\t\t\t\t<\/span>\n\t\t\t\t\t<\/a>\n\t\t\t\t\t\t\t\t<\/div>\n\t\t\t\t<\/div>\n\t\t\t\t<\/div>\n\t\t\t\t<\/section>\n\t\t<main class=\"elementor-element elementor-element-8c91d75 e-con-full e-flex e-con e-parent\" data-id=\"8c91d75\" data-element_type=\"container\">\n\t\t<div class=\"elementor-element elementor-element-a6a619d e-flex e-con-boxed e-con e-child\" data-id=\"a6a619d\" data-element_type=\"container\">\n\t\t\t\t\t<div class=\"e-con-inner\">\n\t\t\t\t<div class=\"elementor-element elementor-element-842c287 elementor-widget elementor-widget-heading\" data-id=\"842c287\" data-element_type=\"widget\" data-widget_type=\"heading.default\">\n\t\t\t\t\t<h2 class=\"elementor-heading-title elementor-size-default\">Take the Step to World-Class Maintenance <\/h2>\t\t\t\t<\/div>\n\t\t\t\t<div class=\"elementor-element elementor-element-e510910 elementor-widget elementor-widget-text-editor\" data-id=\"e510910\" data-element_type=\"widget\" data-widget_type=\"text-editor.default\">\n\t\t\t\t\t\t\t\t\t<p><strong style=\"font-family: -apple-system, BlinkMacSystemFont, 'Segoe UI', Roboto, 'Helvetica Neue', Arial, 'Noto Sans', sans-serif, 'Apple Color Emoji', 'Segoe UI Emoji', 'Segoe UI Symbol', 'Noto Color Emoji';\">Well-balanced preventive maintenance provides the lowest production cost. Do you want to take the next step and need someone to plan and lead the work? Or do you need maintenance engineering resources for a period? We can help you.<\/strong><\/p><p>Our model is based on research conducted by Mainnovation and their VDM Value Driven Maintenance model. Based on the model, the business is managed in defined work processes that are easily incorporated into your operations.<\/p><p class=\"p1\">You will receive figures on the financial impact of maintenance. We describe the value of maintenance for your operations and provide you with decision-making support for improved operational reliability. <\/p><h3>Conduct a Current State Analysis<\/h3><p>The CBP Assessment tool from IDCON analyzes and evaluates your maintenance work against world-class maintenance standards. You receive measurable results and concrete improvement recommendations. Compare the results with over 150 completed analyses worldwide and measure your progress by repeating the analysis.  <\/p><p>We develop a detailed action plan to achieve your desired goals and can both lead and assist you in the implementation.<\/p>\t\t\t\t\t\t\t\t<\/div>\n\t\t\t\t\t\t\t\n\t\t<img class=\"e-image-base \" \n\t\t\t\t\tdata-interaction-id=\"dff6e3c\" \n\t\t\tdata-interactions=\"&#x5B;&#x5D;\"\n\t\t \n\t\t \n\t\t\t\t\t\t\t\t\tid=\"1975\"\n\t\t\t\t\t\t\t\t\t\t\t\tsrc=\"https:\/\/qestio.se\/wp-content\/uploads\/2026\/03\/qestio_underhallsillustration_.jpg\"\n\t\t\t\t\t\t\t\t\t\t\t\twidth=\"2520\"\n\t\t\t\t\t\t\t\t\t\t\t\theight=\"1654\"\n\t\t\t\t\t\t\t\t\t\t\t\tsrcset=\"https:\/\/qestio.se\/wp-content\/uploads\/2026\/03\/qestio_underhallsillustration_.jpg 2520w, https:\/\/qestio.se\/wp-content\/uploads\/2026\/03\/qestio_underhallsillustration_-300x197.jpg 300w, https:\/\/qestio.se\/wp-content\/uploads\/2026\/03\/qestio_underhallsillustration_-1024x672.jpg 1024w, https:\/\/qestio.se\/wp-content\/uploads\/2026\/03\/qestio_underhallsillustration_-768x504.jpg 768w, https:\/\/qestio.se\/wp-content\/uploads\/2026\/03\/qestio_underhallsillustration_-1536x1008.jpg 1536w, https:\/\/qestio.se\/wp-content\/uploads\/2026\/03\/qestio_underhallsillustration_-2048x1344.jpg 2048w\"\n\t\t\t\t\t\t\t\t\t\t\t\talt=\"En illustration som beskriver processen till ett underh\u00e5ll i v\u00e4rldsklass i tio steg, format som f\u00e4rgglada poiar p\u00e5 en v\u00e4g.\"\n\t\t\t\t\t\t\/>\n\t\t\t\t\t<div class=\"elementor-element elementor-element-30ffc36 elementor-widget elementor-widget-text-editor\" data-id=\"30ffc36\" data-element_type=\"widget\" data-widget_type=\"text-editor.default\">\n\t\t\t\t\t\t\t\t\t<h3>Discover Your Hidden Resources with Asset Optimum<\/h3><p>Develop your operational reliability with <strong><a href=\"https:\/\/qestio.se\/en\/our-products\/asset-optimum\/\">Asset Optimum<\/a><\/strong>\u2014a structured method for discovering hidden resources within organization, production, energy, and maintenance. You receive a plan with different pathways to sustainable efficiency improvements and a modern maintenance operation. <\/p><p>We also offer both open and customized <strong><a href=\"https:\/\/qestio.se\/en\/training-courses\/\">training programs in maintenance.<\/a><\/strong><\/p>\t\t\t\t\t\t\t\t<\/div>\n\t\t\t\t<div class=\"elementor-element elementor-element-3d3e223 elementor-widget elementor-widget-text-editor\" data-id=\"3d3e223\" data-element_type=\"widget\" data-widget_type=\"text-editor.default\">\n\t\t\t\t\t\t\t\t\t<p><strong>Contact us and we will tell you more.<\/strong><\/p>\t\t\t\t\t\t\t\t<\/div>\n\t\t\t\t<div class=\"elementor-element elementor-element-b821451 elementor-button-info elementor-widget elementor-widget-button\" data-id=\"b821451\" data-element_type=\"widget\" data-widget_type=\"button.default\">\n\t\t\t\t\t\t\t\t\t\t<a class=\"elementor-button elementor-button-link elementor-size-sm\" href=\"https:\/\/qestio.se\/en\/contact\/\">\n\t\t\t\t\t\t<span class=\"elementor-button-content-wrapper\">\n\t\t\t\t\t\t\t\t\t<span class=\"elementor-button-text\">Contact us<\/span>\n\t\t\t\t\t<\/span>\n\t\t\t\t\t<\/a>\n\t\t\t\t\t\t\t\t<\/div>\n\t\t\t\t<div class=\"elementor-element elementor-element-f8d0615 elementor-widget elementor-widget-text-editor\" data-id=\"f8d0615\" data-element_type=\"widget\" data-widget_type=\"text-editor.default\">\n\t\t\t\t\t\t\t\t\t<p><a href=\"https:\/\/qestio.se\/en\/references\/\"><strong>Read more about previous assignments and projects<\/strong> <\/a>that we have helped our clients with.<\/p>\t\t\t\t\t\t\t\t<\/div>\n\t\t\t\t\t<\/div>\n\t\t\t\t<\/div>\n\t\t\t\t<\/main>\n\t\t<div class=\"elementor-element elementor-element-681acc9 e-flex e-con-boxed e-con e-parent\" data-id=\"681acc9\" data-element_type=\"container\">\n\t\t\t\t\t<div class=\"e-con-inner\">\n\t\t\t\t\t<\/div>\n\t\t\t\t<\/div>\n\t\t\t\t<\/div>\n\t\t","protected":false},"excerpt":{"rendered":"<p>Maintenance Development Efficient maintenance creates conditions for effective production, high delivery reliability, and consistent quality. Contact us View our services Take the Step to World-Class Maintenance Well-balanced preventive maintenance provides the lowest production cost. Do you want to take the next step and need someone to plan and lead the work? Or do you need [&hellip;]<\/p>\n","protected":false},"author":2,"featured_media":0,"parent":0,"menu_order":0,"comment_status":"closed","ping_status":"closed","template":"elementor_header_footer","meta":{"footnotes":""},"class_list":["post-779","page","type-page","status-publish","hentry"],"yoast_head":"<!-- This site is optimized with the Yoast SEO plugin v26.9 - https:\/\/yoast.com\/product\/yoast-seo-wordpress\/ -->\n<title>Maintenance Development - qestio.se<\/title>\n<meta name=\"description\" content=\"Qestio offers maintenance development for efficient production. Please contact one of our offices in Borl\u00e4nge, Sk\u00f6vde, \u00d6rebro, or \u00d6stersund.\" \/>\n<meta name=\"robots\" content=\"index, follow, max-snippet:-1, max-image-preview:large, max-video-preview:-1\" \/>\n<link rel=\"canonical\" href=\"https:\/\/qestio.se\/en\/maintenance-development\/\" \/>\n<meta property=\"og:locale\" content=\"en_US\" \/>\n<meta property=\"og:type\" content=\"article\" \/>\n<meta property=\"og:title\" content=\"Maintenance Development - qestio.se\" \/>\n<meta property=\"og:description\" content=\"Qestio offers maintenance development for efficient production. Please contact one of our offices in Borl\u00e4nge, Sk\u00f6vde, \u00d6rebro, or \u00d6stersund.\" \/>\n<meta property=\"og:url\" content=\"https:\/\/qestio.se\/en\/maintenance-development\/\" \/>\n<meta property=\"og:site_name\" content=\"qestio.se\" \/>\n<meta property=\"article:modified_time\" content=\"2026-03-09T12:42:16+00:00\" \/>\n<meta property=\"og:image\" content=\"https:\/\/qestio.se\/wp-content\/uploads\/2026\/03\/qestio_underhallsillustration_.jpg\" \/>\n<meta name=\"twitter:card\" content=\"summary_large_image\" \/>\n<meta name=\"twitter:label1\" content=\"Est. reading time\" \/>\n\t<meta name=\"twitter:data1\" content=\"1 minute\" \/>\n<script type=\"application\/ld+json\" class=\"yoast-schema-graph\">{\"@context\":\"https:\/\/schema.org\",\"@graph\":[{\"@type\":\"WebPage\",\"@id\":\"https:\/\/qestio.se\/en\/maintenance-development\/\",\"url\":\"https:\/\/qestio.se\/en\/maintenance-development\/\",\"name\":\"Maintenance Development - qestio.se\",\"isPartOf\":{\"@id\":\"https:\/\/qestio.se\/#website\"},\"primaryImageOfPage\":{\"@id\":\"https:\/\/qestio.se\/en\/maintenance-development\/#primaryimage\"},\"image\":{\"@id\":\"https:\/\/qestio.se\/en\/maintenance-development\/#primaryimage\"},\"thumbnailUrl\":\"https:\/\/qestio.se\/wp-content\/uploads\/2026\/03\/qestio_underhallsillustration_.jpg\",\"datePublished\":\"2025-11-25T04:50:34+00:00\",\"dateModified\":\"2026-03-09T12:42:16+00:00\",\"description\":\"Qestio offers maintenance development for efficient production. Please contact one of our offices in Borl\u00e4nge, Sk\u00f6vde, \u00d6rebro, or \u00d6stersund.\",\"breadcrumb\":{\"@id\":\"https:\/\/qestio.se\/en\/maintenance-development\/#breadcrumb\"},\"inLanguage\":\"en-US\",\"potentialAction\":[{\"@type\":\"ReadAction\",\"target\":[\"https:\/\/qestio.se\/en\/maintenance-development\/\"]}]},{\"@type\":\"ImageObject\",\"inLanguage\":\"en-US\",\"@id\":\"https:\/\/qestio.se\/en\/maintenance-development\/#primaryimage\",\"url\":\"https:\/\/qestio.se\/wp-content\/uploads\/2026\/03\/qestio_underhallsillustration_.jpg\",\"contentUrl\":\"https:\/\/qestio.se\/wp-content\/uploads\/2026\/03\/qestio_underhallsillustration_.jpg\"},{\"@type\":\"BreadcrumbList\",\"@id\":\"https:\/\/qestio.se\/en\/maintenance-development\/#breadcrumb\",\"itemListElement\":[{\"@type\":\"ListItem\",\"position\":1,\"name\":\"Home\",\"item\":\"https:\/\/qestio.se\/en\/home\/\"},{\"@type\":\"ListItem\",\"position\":2,\"name\":\"Maintenance Development\"}]},{\"@type\":\"WebSite\",\"@id\":\"https:\/\/qestio.se\/#website\",\"url\":\"https:\/\/qestio.se\/\",\"name\":\"qestio.se\",\"description\":\"\",\"publisher\":{\"@id\":\"https:\/\/qestio.se\/#organization\"},\"potentialAction\":[{\"@type\":\"SearchAction\",\"target\":{\"@type\":\"EntryPoint\",\"urlTemplate\":\"https:\/\/qestio.se\/?s={search_term_string}\"},\"query-input\":{\"@type\":\"PropertyValueSpecification\",\"valueRequired\":true,\"valueName\":\"search_term_string\"}}],\"inLanguage\":\"en-US\"},{\"@type\":\"Organization\",\"@id\":\"https:\/\/qestio.se\/#organization\",\"name\":\"qestio.se\",\"url\":\"https:\/\/qestio.se\/\",\"logo\":{\"@type\":\"ImageObject\",\"inLanguage\":\"en-US\",\"@id\":\"https:\/\/qestio.se\/#\/schema\/logo\/image\/\",\"url\":\"https:\/\/qestio.se\/wp-content\/uploads\/2025\/11\/qestio.png\",\"contentUrl\":\"https:\/\/qestio.se\/wp-content\/uploads\/2025\/11\/qestio.png\",\"width\":130,\"height\":45,\"caption\":\"qestio.se\"},\"image\":{\"@id\":\"https:\/\/qestio.se\/#\/schema\/logo\/image\/\"}}]}<\/script>\n<!-- \/ Yoast SEO plugin. -->","yoast_head_json":{"title":"Maintenance Development - qestio.se","description":"Qestio offers maintenance development for efficient production. Please contact one of our offices in Borl\u00e4nge, Sk\u00f6vde, \u00d6rebro, or \u00d6stersund.","robots":{"index":"index","follow":"follow","max-snippet":"max-snippet:-1","max-image-preview":"max-image-preview:large","max-video-preview":"max-video-preview:-1"},"canonical":"https:\/\/qestio.se\/en\/maintenance-development\/","og_locale":"en_US","og_type":"article","og_title":"Maintenance Development - qestio.se","og_description":"Qestio offers maintenance development for efficient production. Please contact one of our offices in Borl\u00e4nge, Sk\u00f6vde, \u00d6rebro, or \u00d6stersund.","og_url":"https:\/\/qestio.se\/en\/maintenance-development\/","og_site_name":"qestio.se","article_modified_time":"2026-03-09T12:42:16+00:00","og_image":[{"url":"https:\/\/qestio.se\/wp-content\/uploads\/2026\/03\/qestio_underhallsillustration_.jpg","type":"","width":"","height":""}],"twitter_card":"summary_large_image","twitter_misc":{"Est. reading time":"1 minute"},"schema":{"@context":"https:\/\/schema.org","@graph":[{"@type":"WebPage","@id":"https:\/\/qestio.se\/en\/maintenance-development\/","url":"https:\/\/qestio.se\/en\/maintenance-development\/","name":"Maintenance Development - qestio.se","isPartOf":{"@id":"https:\/\/qestio.se\/#website"},"primaryImageOfPage":{"@id":"https:\/\/qestio.se\/en\/maintenance-development\/#primaryimage"},"image":{"@id":"https:\/\/qestio.se\/en\/maintenance-development\/#primaryimage"},"thumbnailUrl":"https:\/\/qestio.se\/wp-content\/uploads\/2026\/03\/qestio_underhallsillustration_.jpg","datePublished":"2025-11-25T04:50:34+00:00","dateModified":"2026-03-09T12:42:16+00:00","description":"Qestio offers maintenance development for efficient production. Please contact one of our offices in Borl\u00e4nge, Sk\u00f6vde, \u00d6rebro, or \u00d6stersund.","breadcrumb":{"@id":"https:\/\/qestio.se\/en\/maintenance-development\/#breadcrumb"},"inLanguage":"en-US","potentialAction":[{"@type":"ReadAction","target":["https:\/\/qestio.se\/en\/maintenance-development\/"]}]},{"@type":"ImageObject","inLanguage":"en-US","@id":"https:\/\/qestio.se\/en\/maintenance-development\/#primaryimage","url":"https:\/\/qestio.se\/wp-content\/uploads\/2026\/03\/qestio_underhallsillustration_.jpg","contentUrl":"https:\/\/qestio.se\/wp-content\/uploads\/2026\/03\/qestio_underhallsillustration_.jpg"},{"@type":"BreadcrumbList","@id":"https:\/\/qestio.se\/en\/maintenance-development\/#breadcrumb","itemListElement":[{"@type":"ListItem","position":1,"name":"Home","item":"https:\/\/qestio.se\/en\/home\/"},{"@type":"ListItem","position":2,"name":"Maintenance Development"}]},{"@type":"WebSite","@id":"https:\/\/qestio.se\/#website","url":"https:\/\/qestio.se\/","name":"qestio.se","description":"","publisher":{"@id":"https:\/\/qestio.se\/#organization"},"potentialAction":[{"@type":"SearchAction","target":{"@type":"EntryPoint","urlTemplate":"https:\/\/qestio.se\/?s={search_term_string}"},"query-input":{"@type":"PropertyValueSpecification","valueRequired":true,"valueName":"search_term_string"}}],"inLanguage":"en-US"},{"@type":"Organization","@id":"https:\/\/qestio.se\/#organization","name":"qestio.se","url":"https:\/\/qestio.se\/","logo":{"@type":"ImageObject","inLanguage":"en-US","@id":"https:\/\/qestio.se\/#\/schema\/logo\/image\/","url":"https:\/\/qestio.se\/wp-content\/uploads\/2025\/11\/qestio.png","contentUrl":"https:\/\/qestio.se\/wp-content\/uploads\/2025\/11\/qestio.png","width":130,"height":45,"caption":"qestio.se"},"image":{"@id":"https:\/\/qestio.se\/#\/schema\/logo\/image\/"}}]}},"_links":{"self":[{"href":"https:\/\/qestio.se\/en\/wp-json\/wp\/v2\/pages\/779","targetHints":{"allow":["GET"]}}],"collection":[{"href":"https:\/\/qestio.se\/en\/wp-json\/wp\/v2\/pages"}],"about":[{"href":"https:\/\/qestio.se\/en\/wp-json\/wp\/v2\/types\/page"}],"author":[{"embeddable":true,"href":"https:\/\/qestio.se\/en\/wp-json\/wp\/v2\/users\/2"}],"replies":[{"embeddable":true,"href":"https:\/\/qestio.se\/en\/wp-json\/wp\/v2\/comments?post=779"}],"version-history":[{"count":6,"href":"https:\/\/qestio.se\/en\/wp-json\/wp\/v2\/pages\/779\/revisions"}],"predecessor-version":[{"id":2090,"href":"https:\/\/qestio.se\/en\/wp-json\/wp\/v2\/pages\/779\/revisions\/2090"}],"wp:attachment":[{"href":"https:\/\/qestio.se\/en\/wp-json\/wp\/v2\/media?parent=779"}],"curies":[{"name":"wp","href":"https:\/\/api.w.org\/{rel}","templated":true}]}}