{"id":783,"date":"2025-11-25T04:50:44","date_gmt":"2025-11-25T04:50:44","guid":{"rendered":"https:\/\/qestio.se\/production-development\/"},"modified":"2026-03-09T12:43:45","modified_gmt":"2026-03-09T12:43:45","slug":"production-development","status":"publish","type":"page","link":"https:\/\/qestio.se\/en\/production-development\/","title":{"rendered":"Production Development"},"content":{"rendered":"\t\t<div data-elementor-type=\"wp-page\" data-elementor-id=\"783\" class=\"elementor elementor-783 elementor-39\" data-elementor-post-type=\"page\">\n\t\t\t\t<section class=\"elementor-element elementor-element-eedc0f4 e-con-full e-flex e-con e-parent\" data-id=\"eedc0f4\" data-element_type=\"container\" data-settings=\"{&quot;background_background&quot;:&quot;classic&quot;}\">\n\t\t<div class=\"elementor-element elementor-element-74ec619 e-con-full e-flex e-con e-child\" data-id=\"74ec619\" data-element_type=\"container\">\n\t\t\t\t<div class=\"elementor-element elementor-element-d11f53c elementor-widget elementor-widget-heading\" data-id=\"d11f53c\" data-element_type=\"widget\" data-widget_type=\"heading.default\">\n\t\t\t\t\t<h1 class=\"elementor-heading-title elementor-size-default\">Production Development<\/h1>\t\t\t\t<\/div>\n\t\t\t\t<div class=\"elementor-element elementor-element-e83b249 elementor-widget-mobile__width-initial elementor-widget elementor-widget-text-editor\" data-id=\"e83b249\" data-element_type=\"widget\" data-widget_type=\"text-editor.default\">\n\t\t\t\t\t\t\t\t\t<p>Do you need to increase your productivity, improve your quality, or reduce your production costs and waste? We can help you.<\/p>\t\t\t\t\t\t\t\t<\/div>\n\t\t<div class=\"elementor-element elementor-element-f4da0a6 e-con-full e-flex e-con e-child\" data-id=\"f4da0a6\" data-element_type=\"container\">\n\t\t\t\t<div class=\"elementor-element elementor-element-30fe30d elementor-button-info elementor-widget elementor-widget-button\" data-id=\"30fe30d\" data-element_type=\"widget\" data-widget_type=\"button.default\">\n\t\t\t\t\t\t\t\t\t\t<a class=\"elementor-button elementor-button-link elementor-size-sm\" href=\"https:\/\/qestio.se\/en\/contact\/\">\n\t\t\t\t\t\t<span class=\"elementor-button-content-wrapper\">\n\t\t\t\t\t\t\t\t\t<span class=\"elementor-button-text\">Contact us<\/span>\n\t\t\t\t\t<\/span>\n\t\t\t\t\t<\/a>\n\t\t\t\t\t\t\t\t<\/div>\n\t\t\t\t<div class=\"elementor-element elementor-element-68eab75 elementor-button-info elementor-widget elementor-widget-button\" data-id=\"68eab75\" data-element_type=\"widget\" data-widget_type=\"button.default\">\n\t\t\t\t\t\t\t\t\t\t<a class=\"elementor-button elementor-button-link elementor-size-sm\" href=\"https:\/\/qestio.se\/en\/our-services\/\">\n\t\t\t\t\t\t<span class=\"elementor-button-content-wrapper\">\n\t\t\t\t\t\t\t\t\t<span class=\"elementor-button-text\">View our services<\/span>\n\t\t\t\t\t<\/span>\n\t\t\t\t\t<\/a>\n\t\t\t\t\t\t\t\t<\/div>\n\t\t\t\t<\/div>\n\t\t\t\t<\/div>\n\t\t\t\t<\/section>\n\t\t<main class=\"elementor-element elementor-element-65851b5 e-con-full e-flex e-con e-parent\" data-id=\"65851b5\" data-element_type=\"container\">\n\t\t<div class=\"elementor-element elementor-element-cef1d1d e-flex e-con-boxed e-con e-child\" data-id=\"cef1d1d\" data-element_type=\"container\">\n\t\t\t\t\t<div class=\"e-con-inner\">\n\t\t\t\t<div class=\"elementor-element elementor-element-e4dfd32 elementor-widget elementor-widget-heading\" data-id=\"e4dfd32\" data-element_type=\"widget\" data-widget_type=\"heading.default\">\n\t\t\t\t\t<h2 class=\"elementor-heading-title elementor-size-default\">Standardized work methods are the foundation of an efficient production process. <\/h2>\t\t\t\t<\/div>\n\t\t\t\t<div class=\"elementor-element elementor-element-4be93ac elementor-widget elementor-widget-text-editor\" data-id=\"4be93ac\" data-element_type=\"widget\" data-widget_type=\"text-editor.default\">\n\t\t\t\t\t\t\t\t\t<p><strong>Making the right decisions at the right time is crucial in today&#8217;s competitive landscape. To be able to do so, one must have a solid basis for decision-making, but that alone is not enough. <\/strong><\/p><p>To make sound decisions, you must continuously monitor your operations by integrating work processes as a natural part of daily activities and by establishing effective decision-making forums. This requires active participation from your employees to ensure that the right issues are addressed. Does this sound complicated? It is not; quite the opposite!   <\/p><p>Every loss represents an opportunity for improvement, and we help you realize that potential. Among other things, we offer a <a href=\"https:\/\/qestio.se\/en\/our-products\/production-monitoring-system\/\"><strong>production monitoring system<\/strong><\/a> that assists you with cost control, flexibility, and increased efficiency. <\/p>\t\t\t\t\t\t\t\t<\/div>\n\t\t\t\t<div class=\"elementor-element elementor-element-c2860ed elementor-widget elementor-widget-text-editor\" data-id=\"c2860ed\" data-element_type=\"widget\" data-widget_type=\"text-editor.default\">\n\t\t\t\t\t\t\t\t\t<p><strong>Contact us and we will tell you more.<\/strong><\/p>\t\t\t\t\t\t\t\t<\/div>\n\t\t\t\t<div class=\"elementor-element elementor-element-06dacb1 elementor-button-info elementor-widget elementor-widget-button\" data-id=\"06dacb1\" data-element_type=\"widget\" data-widget_type=\"button.default\">\n\t\t\t\t\t\t\t\t\t\t<a class=\"elementor-button elementor-button-link elementor-size-sm\" href=\"https:\/\/qestio.se\/en\/contact\/\">\n\t\t\t\t\t\t<span class=\"elementor-button-content-wrapper\">\n\t\t\t\t\t\t\t\t\t<span class=\"elementor-button-text\">Contact us<\/span>\n\t\t\t\t\t<\/span>\n\t\t\t\t\t<\/a>\n\t\t\t\t\t\t\t\t<\/div>\n\t\t\t\t<div class=\"elementor-element elementor-element-ceea1c2 elementor-widget elementor-widget-text-editor\" data-id=\"ceea1c2\" data-element_type=\"widget\" data-widget_type=\"text-editor.default\">\n\t\t\t\t\t\t\t\t\t<p><a href=\"https:\/\/qestio.se\/en\/references\/\"><strong>Read more about previous assignments and projects<\/strong> <\/a>that we have helped our clients with.<\/p>\t\t\t\t\t\t\t\t<\/div>\n\t\t\t\t\t<\/div>\n\t\t\t\t<\/div>\n\t\t\t\t<\/main>\n\t\t\t\t<\/div>\n\t\t","protected":false},"excerpt":{"rendered":"<p>Production Development Do you need to increase your productivity, improve your quality, or reduce your production costs and waste? We can help you. Contact us View our services Standardized work methods are the foundation of an efficient production process. Making the right decisions at the right time is crucial in today&#8217;s competitive landscape. To be [&hellip;]<\/p>\n","protected":false},"author":2,"featured_media":0,"parent":0,"menu_order":0,"comment_status":"closed","ping_status":"closed","template":"elementor_header_footer","meta":{"footnotes":""},"class_list":["post-783","page","type-page","status-publish","hentry"],"yoast_head":"<!-- This site is optimized with the Yoast SEO plugin v26.9 - https:\/\/yoast.com\/product\/yoast-seo-wordpress\/ -->\n<title>Production Development - qestio.se<\/title>\n<meta name=\"description\" content=\"We help you with production development. Contact one of our offices in Borl\u00e4nge, Sk\u00f6vde, \u00d6rebro, or \u00d6stersund.\" \/>\n<meta name=\"robots\" content=\"index, follow, max-snippet:-1, max-image-preview:large, max-video-preview:-1\" \/>\n<link rel=\"canonical\" href=\"https:\/\/qestio.se\/en\/production-development\/\" \/>\n<meta property=\"og:locale\" content=\"en_US\" \/>\n<meta property=\"og:type\" content=\"article\" \/>\n<meta property=\"og:title\" content=\"Production Development - qestio.se\" \/>\n<meta property=\"og:description\" content=\"We help you with production development. Contact one of our offices in Borl\u00e4nge, Sk\u00f6vde, \u00d6rebro, or \u00d6stersund.\" \/>\n<meta property=\"og:url\" content=\"https:\/\/qestio.se\/en\/production-development\/\" \/>\n<meta property=\"og:site_name\" content=\"qestio.se\" \/>\n<meta property=\"article:modified_time\" content=\"2026-03-09T12:43:45+00:00\" \/>\n<meta name=\"twitter:card\" content=\"summary_large_image\" \/>\n<meta name=\"twitter:label1\" content=\"Est. reading time\" \/>\n\t<meta name=\"twitter:data1\" content=\"1 minute\" \/>\n<script type=\"application\/ld+json\" class=\"yoast-schema-graph\">{\"@context\":\"https:\/\/schema.org\",\"@graph\":[{\"@type\":\"WebPage\",\"@id\":\"https:\/\/qestio.se\/en\/production-development\/\",\"url\":\"https:\/\/qestio.se\/en\/production-development\/\",\"name\":\"Production Development - qestio.se\",\"isPartOf\":{\"@id\":\"https:\/\/qestio.se\/#website\"},\"datePublished\":\"2025-11-25T04:50:44+00:00\",\"dateModified\":\"2026-03-09T12:43:45+00:00\",\"description\":\"We help you with production development. Contact one of our offices in Borl\u00e4nge, Sk\u00f6vde, \u00d6rebro, or \u00d6stersund.\",\"breadcrumb\":{\"@id\":\"https:\/\/qestio.se\/en\/production-development\/#breadcrumb\"},\"inLanguage\":\"en-US\",\"potentialAction\":[{\"@type\":\"ReadAction\",\"target\":[\"https:\/\/qestio.se\/en\/production-development\/\"]}]},{\"@type\":\"BreadcrumbList\",\"@id\":\"https:\/\/qestio.se\/en\/production-development\/#breadcrumb\",\"itemListElement\":[{\"@type\":\"ListItem\",\"position\":1,\"name\":\"Home\",\"item\":\"https:\/\/qestio.se\/en\/home\/\"},{\"@type\":\"ListItem\",\"position\":2,\"name\":\"Production Development\"}]},{\"@type\":\"WebSite\",\"@id\":\"https:\/\/qestio.se\/#website\",\"url\":\"https:\/\/qestio.se\/\",\"name\":\"qestio.se\",\"description\":\"\",\"publisher\":{\"@id\":\"https:\/\/qestio.se\/#organization\"},\"potentialAction\":[{\"@type\":\"SearchAction\",\"target\":{\"@type\":\"EntryPoint\",\"urlTemplate\":\"https:\/\/qestio.se\/?s={search_term_string}\"},\"query-input\":{\"@type\":\"PropertyValueSpecification\",\"valueRequired\":true,\"valueName\":\"search_term_string\"}}],\"inLanguage\":\"en-US\"},{\"@type\":\"Organization\",\"@id\":\"https:\/\/qestio.se\/#organization\",\"name\":\"qestio.se\",\"url\":\"https:\/\/qestio.se\/\",\"logo\":{\"@type\":\"ImageObject\",\"inLanguage\":\"en-US\",\"@id\":\"https:\/\/qestio.se\/#\/schema\/logo\/image\/\",\"url\":\"https:\/\/qestio.se\/wp-content\/uploads\/2025\/11\/qestio.png\",\"contentUrl\":\"https:\/\/qestio.se\/wp-content\/uploads\/2025\/11\/qestio.png\",\"width\":130,\"height\":45,\"caption\":\"qestio.se\"},\"image\":{\"@id\":\"https:\/\/qestio.se\/#\/schema\/logo\/image\/\"}}]}<\/script>\n<!-- \/ Yoast SEO plugin. -->","yoast_head_json":{"title":"Production Development - qestio.se","description":"We help you with production development. Contact one of our offices in Borl\u00e4nge, Sk\u00f6vde, \u00d6rebro, or \u00d6stersund.","robots":{"index":"index","follow":"follow","max-snippet":"max-snippet:-1","max-image-preview":"max-image-preview:large","max-video-preview":"max-video-preview:-1"},"canonical":"https:\/\/qestio.se\/en\/production-development\/","og_locale":"en_US","og_type":"article","og_title":"Production Development - qestio.se","og_description":"We help you with production development. Contact one of our offices in Borl\u00e4nge, Sk\u00f6vde, \u00d6rebro, or \u00d6stersund.","og_url":"https:\/\/qestio.se\/en\/production-development\/","og_site_name":"qestio.se","article_modified_time":"2026-03-09T12:43:45+00:00","twitter_card":"summary_large_image","twitter_misc":{"Est. reading time":"1 minute"},"schema":{"@context":"https:\/\/schema.org","@graph":[{"@type":"WebPage","@id":"https:\/\/qestio.se\/en\/production-development\/","url":"https:\/\/qestio.se\/en\/production-development\/","name":"Production Development - qestio.se","isPartOf":{"@id":"https:\/\/qestio.se\/#website"},"datePublished":"2025-11-25T04:50:44+00:00","dateModified":"2026-03-09T12:43:45+00:00","description":"We help you with production development. Contact one of our offices in Borl\u00e4nge, Sk\u00f6vde, \u00d6rebro, or \u00d6stersund.","breadcrumb":{"@id":"https:\/\/qestio.se\/en\/production-development\/#breadcrumb"},"inLanguage":"en-US","potentialAction":[{"@type":"ReadAction","target":["https:\/\/qestio.se\/en\/production-development\/"]}]},{"@type":"BreadcrumbList","@id":"https:\/\/qestio.se\/en\/production-development\/#breadcrumb","itemListElement":[{"@type":"ListItem","position":1,"name":"Home","item":"https:\/\/qestio.se\/en\/home\/"},{"@type":"ListItem","position":2,"name":"Production Development"}]},{"@type":"WebSite","@id":"https:\/\/qestio.se\/#website","url":"https:\/\/qestio.se\/","name":"qestio.se","description":"","publisher":{"@id":"https:\/\/qestio.se\/#organization"},"potentialAction":[{"@type":"SearchAction","target":{"@type":"EntryPoint","urlTemplate":"https:\/\/qestio.se\/?s={search_term_string}"},"query-input":{"@type":"PropertyValueSpecification","valueRequired":true,"valueName":"search_term_string"}}],"inLanguage":"en-US"},{"@type":"Organization","@id":"https:\/\/qestio.se\/#organization","name":"qestio.se","url":"https:\/\/qestio.se\/","logo":{"@type":"ImageObject","inLanguage":"en-US","@id":"https:\/\/qestio.se\/#\/schema\/logo\/image\/","url":"https:\/\/qestio.se\/wp-content\/uploads\/2025\/11\/qestio.png","contentUrl":"https:\/\/qestio.se\/wp-content\/uploads\/2025\/11\/qestio.png","width":130,"height":45,"caption":"qestio.se"},"image":{"@id":"https:\/\/qestio.se\/#\/schema\/logo\/image\/"}}]}},"_links":{"self":[{"href":"https:\/\/qestio.se\/en\/wp-json\/wp\/v2\/pages\/783","targetHints":{"allow":["GET"]}}],"collection":[{"href":"https:\/\/qestio.se\/en\/wp-json\/wp\/v2\/pages"}],"about":[{"href":"https:\/\/qestio.se\/en\/wp-json\/wp\/v2\/types\/page"}],"author":[{"embeddable":true,"href":"https:\/\/qestio.se\/en\/wp-json\/wp\/v2\/users\/2"}],"replies":[{"embeddable":true,"href":"https:\/\/qestio.se\/en\/wp-json\/wp\/v2\/comments?post=783"}],"version-history":[{"count":7,"href":"https:\/\/qestio.se\/en\/wp-json\/wp\/v2\/pages\/783\/revisions"}],"predecessor-version":[{"id":2094,"href":"https:\/\/qestio.se\/en\/wp-json\/wp\/v2\/pages\/783\/revisions\/2094"}],"wp:attachment":[{"href":"https:\/\/qestio.se\/en\/wp-json\/wp\/v2\/media?parent=783"}],"curies":[{"name":"wp","href":"https:\/\/api.w.org\/{rel}","templated":true}]}}