{"id":797,"date":"2025-11-25T04:50:51","date_gmt":"2025-11-25T04:50:51","guid":{"rendered":"https:\/\/qestio.se\/procurement-support\/"},"modified":"2026-03-09T12:46:22","modified_gmt":"2026-03-09T12:46:22","slug":"procurement-support","status":"publish","type":"page","link":"https:\/\/qestio.se\/en\/procurement-support\/","title":{"rendered":"Procurement Support"},"content":{"rendered":"\t\t<div data-elementor-type=\"wp-page\" data-elementor-id=\"797\" class=\"elementor elementor-797 elementor-41\" data-elementor-post-type=\"page\">\n\t\t\t\t<section class=\"elementor-element elementor-element-8bdcd6e e-con-full e-flex e-con e-parent\" data-id=\"8bdcd6e\" data-element_type=\"container\" data-settings=\"{&quot;background_background&quot;:&quot;classic&quot;}\">\n\t\t<div class=\"elementor-element elementor-element-705cdf7 e-con-full e-flex e-con e-child\" data-id=\"705cdf7\" data-element_type=\"container\">\n\t\t\t\t<div class=\"elementor-element elementor-element-4bee3ba elementor-widget elementor-widget-heading\" data-id=\"4bee3ba\" data-element_type=\"widget\" data-widget_type=\"heading.default\">\n\t\t\t\t\t<h1 class=\"elementor-heading-title elementor-size-default\">Procurement Support<\/h1>\t\t\t\t<\/div>\n\t\t\t\t<div class=\"elementor-element elementor-element-938af75 elementor-widget-mobile__width-initial elementor-widget elementor-widget-text-editor\" data-id=\"938af75\" data-element_type=\"widget\" data-widget_type=\"text-editor.default\">\n\t\t\t\t\t\t\t\t\t<p>Are you facing an investment need in your facility? Are you in a project planning or implementation phase and need support? <\/p>\t\t\t\t\t\t\t\t<\/div>\n\t\t<div class=\"elementor-element elementor-element-9137ede e-con-full e-flex e-con e-child\" data-id=\"9137ede\" data-element_type=\"container\">\n\t\t\t\t<div class=\"elementor-element elementor-element-728593b elementor-button-info elementor-widget elementor-widget-button\" data-id=\"728593b\" data-element_type=\"widget\" data-widget_type=\"button.default\">\n\t\t\t\t\t\t\t\t\t\t<a class=\"elementor-button elementor-button-link elementor-size-sm\" href=\"https:\/\/qestio.se\/en\/contact\/\">\n\t\t\t\t\t\t<span class=\"elementor-button-content-wrapper\">\n\t\t\t\t\t\t\t\t\t<span class=\"elementor-button-text\">Contact us<\/span>\n\t\t\t\t\t<\/span>\n\t\t\t\t\t<\/a>\n\t\t\t\t\t\t\t\t<\/div>\n\t\t\t\t<div class=\"elementor-element elementor-element-4a6ac95 elementor-button-info elementor-widget elementor-widget-button\" data-id=\"4a6ac95\" data-element_type=\"widget\" data-widget_type=\"button.default\">\n\t\t\t\t\t\t\t\t\t\t<a class=\"elementor-button elementor-button-link elementor-size-sm\" href=\"https:\/\/qestio.se\/en\/our-services\/\">\n\t\t\t\t\t\t<span class=\"elementor-button-content-wrapper\">\n\t\t\t\t\t\t\t\t\t<span class=\"elementor-button-text\">View our services<\/span>\n\t\t\t\t\t<\/span>\n\t\t\t\t\t<\/a>\n\t\t\t\t\t\t\t\t<\/div>\n\t\t\t\t<\/div>\n\t\t\t\t<\/div>\n\t\t\t\t<\/section>\n\t\t<main class=\"elementor-element elementor-element-aa1651b e-con-full e-flex e-con e-parent\" data-id=\"aa1651b\" data-element_type=\"container\">\n\t\t<div class=\"elementor-element elementor-element-3fa54ad e-flex e-con-boxed e-con e-child\" data-id=\"3fa54ad\" data-element_type=\"container\">\n\t\t\t\t\t<div class=\"e-con-inner\">\n\t\t\t\t<div class=\"elementor-element elementor-element-c7887aa elementor-widget elementor-widget-heading\" data-id=\"c7887aa\" data-element_type=\"widget\" data-widget_type=\"heading.default\">\n\t\t\t\t\t<h2 class=\"elementor-heading-title elementor-size-default\">Ensure the quality of your procurement process for efficient project implementation.<\/h2>\t\t\t\t<\/div>\n\t\t\t\t<div class=\"elementor-element elementor-element-92eee2d elementor-widget elementor-widget-text-editor\" data-id=\"92eee2d\" data-element_type=\"widget\" data-widget_type=\"text-editor.default\">\n\t\t\t\t\t\t\t\t\t<p><b>Are you facing an investment need in your facility? Are you in a planning or implementation phase and require support? <a href=\"https:\/\/qestio.se\/en\/contact\/\">Contact us<\/a>. <\/b> <\/p><p>We can assist with <strong><a href=\"https:\/\/qestio.se\/en\/our-services\/projektledning-5\/\">project management<\/a><\/strong>, investment calculations, <a href=\"https:\/\/sv.wikipedia.org\/wiki\/Capex\" target=\"_blank\" rel=\"noreferrer noopener nofollow\"><strong>CAPEX<\/strong>&#8211;<\/a> and <a href=\"https:\/\/sv.wikipedia.org\/wiki\/Opex\" target=\"_blank\" rel=\"noreferrer noopener nofollow\"><strong>OPEX<\/strong>&#8211;<\/a>analyses, and development and reinvestment plans. We also assist with procurements and prepare tender documents. We have many years of experience in product launch and industrialization projects. If you are in the implementation phase, we can assist with leading FAT, SAT, and performance tests.   <\/p>\t\t\t\t\t\t\t\t<\/div>\n\t\t\t\t<div class=\"elementor-element elementor-element-b1152dc elementor-widget elementor-widget-text-editor\" data-id=\"b1152dc\" data-element_type=\"widget\" data-widget_type=\"text-editor.default\">\n\t\t\t\t\t\t\t\t\t<p><strong>Contact us and we will tell you more.<\/strong><\/p>\t\t\t\t\t\t\t\t<\/div>\n\t\t\t\t<div class=\"elementor-element elementor-element-d4a979e elementor-button-info elementor-widget elementor-widget-button\" data-id=\"d4a979e\" data-element_type=\"widget\" data-widget_type=\"button.default\">\n\t\t\t\t\t\t\t\t\t\t<a class=\"elementor-button elementor-button-link elementor-size-sm\" href=\"https:\/\/qestio.se\/en\/contact\/\">\n\t\t\t\t\t\t<span class=\"elementor-button-content-wrapper\">\n\t\t\t\t\t\t\t\t\t<span class=\"elementor-button-text\">Contact us<\/span>\n\t\t\t\t\t<\/span>\n\t\t\t\t\t<\/a>\n\t\t\t\t\t\t\t\t<\/div>\n\t\t\t\t<div class=\"elementor-element elementor-element-549bb8d elementor-widget elementor-widget-text-editor\" data-id=\"549bb8d\" data-element_type=\"widget\" data-widget_type=\"text-editor.default\">\n\t\t\t\t\t\t\t\t\t<p><a href=\"https:\/\/qestio.se\/en\/references\/\"><strong>Read more about previous assignments and projects<\/strong> <\/a>that we have helped our clients with.<\/p>\t\t\t\t\t\t\t\t<\/div>\n\t\t\t\t\t<\/div>\n\t\t\t\t<\/div>\n\t\t\t\t<\/main>\n\t\t\t\t<\/div>\n\t\t","protected":false},"excerpt":{"rendered":"<p>Procurement Support Are you facing an investment need in your facility? Are you in a project planning or implementation phase and need support? Contact us View our services Ensure the quality of your procurement process for efficient project implementation. Are you facing an investment need in your facility? Are you in a planning or implementation [&hellip;]<\/p>\n","protected":false},"author":2,"featured_media":0,"parent":0,"menu_order":0,"comment_status":"closed","ping_status":"closed","template":"elementor_header_footer","meta":{"footnotes":""},"class_list":["post-797","page","type-page","status-publish","hentry"],"yoast_head":"<!-- This site is optimized with the Yoast SEO plugin v26.9 - https:\/\/yoast.com\/product\/yoast-seo-wordpress\/ -->\n<title>Client Support in Borl\u00e4nge, Sk\u00f6vde, \u00d6rebro &amp; \u00d6stersund - Qestio<\/title>\n<meta name=\"description\" content=\"Qestio offers client support and assists you with project management, procurement, and analysis. If you would like to know more, please contact one of our offices in Borl\u00e4nge, Sk\u00f6vde, \u00d6rebro, or \u00d6stersund.\" \/>\n<meta name=\"robots\" content=\"index, follow, max-snippet:-1, max-image-preview:large, max-video-preview:-1\" \/>\n<link rel=\"canonical\" href=\"https:\/\/qestio.se\/en\/procurement-support\/\" \/>\n<meta property=\"og:locale\" content=\"en_US\" \/>\n<meta property=\"og:type\" content=\"article\" \/>\n<meta property=\"og:title\" content=\"Client Support in Borl\u00e4nge, Sk\u00f6vde, \u00d6rebro &amp; \u00d6stersund - Qestio\" \/>\n<meta property=\"og:description\" content=\"Qestio offers client support and assists you with project management, procurement, and analysis. If you would like to know more, please contact one of our offices in Borl\u00e4nge, Sk\u00f6vde, \u00d6rebro, or \u00d6stersund.\" \/>\n<meta property=\"og:url\" content=\"https:\/\/qestio.se\/en\/procurement-support\/\" \/>\n<meta property=\"og:site_name\" content=\"qestio.se\" \/>\n<meta property=\"article:modified_time\" content=\"2026-03-09T12:46:22+00:00\" \/>\n<meta name=\"twitter:card\" content=\"summary_large_image\" \/>\n<meta name=\"twitter:label1\" content=\"Est. reading time\" \/>\n\t<meta name=\"twitter:data1\" content=\"1 minute\" \/>\n<script type=\"application\/ld+json\" class=\"yoast-schema-graph\">{\"@context\":\"https:\/\/schema.org\",\"@graph\":[{\"@type\":\"WebPage\",\"@id\":\"https:\/\/qestio.se\/en\/procurement-support\/\",\"url\":\"https:\/\/qestio.se\/en\/procurement-support\/\",\"name\":\"Client Support in Borl\u00e4nge, Sk\u00f6vde, \u00d6rebro & \u00d6stersund - Qestio\",\"isPartOf\":{\"@id\":\"https:\/\/qestio.se\/#website\"},\"datePublished\":\"2025-11-25T04:50:51+00:00\",\"dateModified\":\"2026-03-09T12:46:22+00:00\",\"description\":\"Qestio offers client support and assists you with project management, procurement, and analysis. If you would like to know more, please contact one of our offices in Borl\u00e4nge, Sk\u00f6vde, \u00d6rebro, or \u00d6stersund.\",\"breadcrumb\":{\"@id\":\"https:\/\/qestio.se\/en\/procurement-support\/#breadcrumb\"},\"inLanguage\":\"en-US\",\"potentialAction\":[{\"@type\":\"ReadAction\",\"target\":[\"https:\/\/qestio.se\/en\/procurement-support\/\"]}]},{\"@type\":\"BreadcrumbList\",\"@id\":\"https:\/\/qestio.se\/en\/procurement-support\/#breadcrumb\",\"itemListElement\":[{\"@type\":\"ListItem\",\"position\":1,\"name\":\"Home\",\"item\":\"https:\/\/qestio.se\/en\/home\/\"},{\"@type\":\"ListItem\",\"position\":2,\"name\":\"Procurement Support\"}]},{\"@type\":\"WebSite\",\"@id\":\"https:\/\/qestio.se\/#website\",\"url\":\"https:\/\/qestio.se\/\",\"name\":\"qestio.se\",\"description\":\"\",\"publisher\":{\"@id\":\"https:\/\/qestio.se\/#organization\"},\"potentialAction\":[{\"@type\":\"SearchAction\",\"target\":{\"@type\":\"EntryPoint\",\"urlTemplate\":\"https:\/\/qestio.se\/?s={search_term_string}\"},\"query-input\":{\"@type\":\"PropertyValueSpecification\",\"valueRequired\":true,\"valueName\":\"search_term_string\"}}],\"inLanguage\":\"en-US\"},{\"@type\":\"Organization\",\"@id\":\"https:\/\/qestio.se\/#organization\",\"name\":\"qestio.se\",\"url\":\"https:\/\/qestio.se\/\",\"logo\":{\"@type\":\"ImageObject\",\"inLanguage\":\"en-US\",\"@id\":\"https:\/\/qestio.se\/#\/schema\/logo\/image\/\",\"url\":\"https:\/\/qestio.se\/wp-content\/uploads\/2025\/11\/qestio.png\",\"contentUrl\":\"https:\/\/qestio.se\/wp-content\/uploads\/2025\/11\/qestio.png\",\"width\":130,\"height\":45,\"caption\":\"qestio.se\"},\"image\":{\"@id\":\"https:\/\/qestio.se\/#\/schema\/logo\/image\/\"}}]}<\/script>\n<!-- \/ Yoast SEO plugin. -->","yoast_head_json":{"title":"Client Support in Borl\u00e4nge, Sk\u00f6vde, \u00d6rebro & \u00d6stersund - Qestio","description":"Qestio offers client support and assists you with project management, procurement, and analysis. If you would like to know more, please contact one of our offices in Borl\u00e4nge, Sk\u00f6vde, \u00d6rebro, or \u00d6stersund.","robots":{"index":"index","follow":"follow","max-snippet":"max-snippet:-1","max-image-preview":"max-image-preview:large","max-video-preview":"max-video-preview:-1"},"canonical":"https:\/\/qestio.se\/en\/procurement-support\/","og_locale":"en_US","og_type":"article","og_title":"Client Support in Borl\u00e4nge, Sk\u00f6vde, \u00d6rebro & \u00d6stersund - Qestio","og_description":"Qestio offers client support and assists you with project management, procurement, and analysis. If you would like to know more, please contact one of our offices in Borl\u00e4nge, Sk\u00f6vde, \u00d6rebro, or \u00d6stersund.","og_url":"https:\/\/qestio.se\/en\/procurement-support\/","og_site_name":"qestio.se","article_modified_time":"2026-03-09T12:46:22+00:00","twitter_card":"summary_large_image","twitter_misc":{"Est. reading time":"1 minute"},"schema":{"@context":"https:\/\/schema.org","@graph":[{"@type":"WebPage","@id":"https:\/\/qestio.se\/en\/procurement-support\/","url":"https:\/\/qestio.se\/en\/procurement-support\/","name":"Client Support in Borl\u00e4nge, Sk\u00f6vde, \u00d6rebro & \u00d6stersund - Qestio","isPartOf":{"@id":"https:\/\/qestio.se\/#website"},"datePublished":"2025-11-25T04:50:51+00:00","dateModified":"2026-03-09T12:46:22+00:00","description":"Qestio offers client support and assists you with project management, procurement, and analysis. If you would like to know more, please contact one of our offices in Borl\u00e4nge, Sk\u00f6vde, \u00d6rebro, or \u00d6stersund.","breadcrumb":{"@id":"https:\/\/qestio.se\/en\/procurement-support\/#breadcrumb"},"inLanguage":"en-US","potentialAction":[{"@type":"ReadAction","target":["https:\/\/qestio.se\/en\/procurement-support\/"]}]},{"@type":"BreadcrumbList","@id":"https:\/\/qestio.se\/en\/procurement-support\/#breadcrumb","itemListElement":[{"@type":"ListItem","position":1,"name":"Home","item":"https:\/\/qestio.se\/en\/home\/"},{"@type":"ListItem","position":2,"name":"Procurement Support"}]},{"@type":"WebSite","@id":"https:\/\/qestio.se\/#website","url":"https:\/\/qestio.se\/","name":"qestio.se","description":"","publisher":{"@id":"https:\/\/qestio.se\/#organization"},"potentialAction":[{"@type":"SearchAction","target":{"@type":"EntryPoint","urlTemplate":"https:\/\/qestio.se\/?s={search_term_string}"},"query-input":{"@type":"PropertyValueSpecification","valueRequired":true,"valueName":"search_term_string"}}],"inLanguage":"en-US"},{"@type":"Organization","@id":"https:\/\/qestio.se\/#organization","name":"qestio.se","url":"https:\/\/qestio.se\/","logo":{"@type":"ImageObject","inLanguage":"en-US","@id":"https:\/\/qestio.se\/#\/schema\/logo\/image\/","url":"https:\/\/qestio.se\/wp-content\/uploads\/2025\/11\/qestio.png","contentUrl":"https:\/\/qestio.se\/wp-content\/uploads\/2025\/11\/qestio.png","width":130,"height":45,"caption":"qestio.se"},"image":{"@id":"https:\/\/qestio.se\/#\/schema\/logo\/image\/"}}]}},"_links":{"self":[{"href":"https:\/\/qestio.se\/en\/wp-json\/wp\/v2\/pages\/797","targetHints":{"allow":["GET"]}}],"collection":[{"href":"https:\/\/qestio.se\/en\/wp-json\/wp\/v2\/pages"}],"about":[{"href":"https:\/\/qestio.se\/en\/wp-json\/wp\/v2\/types\/page"}],"author":[{"embeddable":true,"href":"https:\/\/qestio.se\/en\/wp-json\/wp\/v2\/users\/2"}],"replies":[{"embeddable":true,"href":"https:\/\/qestio.se\/en\/wp-json\/wp\/v2\/comments?post=797"}],"version-history":[{"count":6,"href":"https:\/\/qestio.se\/en\/wp-json\/wp\/v2\/pages\/797\/revisions"}],"predecessor-version":[{"id":2114,"href":"https:\/\/qestio.se\/en\/wp-json\/wp\/v2\/pages\/797\/revisions\/2114"}],"wp:attachment":[{"href":"https:\/\/qestio.se\/en\/wp-json\/wp\/v2\/media?parent=797"}],"curies":[{"name":"wp","href":"https:\/\/api.w.org\/{rel}","templated":true}]}}